{"id":34945,"date":"2023-12-15T10:10:26","date_gmt":"2023-12-15T09:10:26","guid":{"rendered":"https:\/\/www.m-target.com\/boletin\/"},"modified":"2025-03-21T12:48:03","modified_gmt":"2025-03-21T11:48:03","slug":"boletin","status":"publish","type":"page","link":"https:\/\/www.m-target.com\/es\/boletin\/","title":{"rendered":"Bolet\u00edn"},"content":{"rendered":"\t\t<div data-elementor-type=\"wp-page\" data-elementor-id=\"34945\" class=\"elementor elementor-34945 elementor-33342\">\n\t\t\t\t\t\t<section class=\"elementor-section elementor-top-section elementor-element elementor-element-5690d987 elementor-section-boxed elementor-section-height-default elementor-section-height-default\" data-id=\"5690d987\" data-element_type=\"section\" data-e-type=\"section\">\r\n\t\t\t\t\t\t<div class=\"elementor-container elementor-column-gap-default\"><div class=\"elementor-row\">\r\n\t\t\t\t\t<div class=\"elementor-column elementor-col-50 elementor-top-column elementor-element elementor-element-1a32e943\" data-id=\"1a32e943\" data-element_type=\"column\" data-e-type=\"column\">\n\t\t\t<div class=\"elementor-widget-wrap elementor-element-populated\">\n\t\t\t\t\t\t<div class=\"elementor-element elementor-element-3f97f2f7 elementor-widget__width-initial flex-horizontal-align-default flex-horizontal-align-tablet-default flex-horizontal-align-mobile-default flex-vertical-align-default flex-vertical-align-tablet-default flex-vertical-align-mobile-default elementor-invisible elementor-widget elementor-widget-heading\" data-id=\"3f97f2f7\" data-element_type=\"widget\" data-e-type=\"widget\" data-settings=\"{&quot;_animation&quot;:&quot;fadeInUp&quot;}\" data-widget_type=\"heading.default\">\n\t\t\t\t<div class=\"elementor-widget-container\">\n\t\t\t\t\t<h1 class=\"light elementor-heading-title elementor-size-xxl\">Bolet\u00edn<\/h1>\t\t\t\t<\/div>\n\t\t\t\t<\/div>\n\t\t\t\t<div class=\"elementor-element elementor-element-b4d0ed4 flex-horizontal-align-default flex-horizontal-align-tablet-default flex-horizontal-align-mobile-default flex-vertical-align-default flex-vertical-align-tablet-default flex-vertical-align-mobile-default elementor-widget elementor-widget-text-editor\" data-id=\"b4d0ed4\" data-element_type=\"widget\" data-e-type=\"widget\" data-widget_type=\"text-editor.default\">\n\t\t\t\t<div class=\"elementor-widget-container\">\n\t\t\t\t\t\t\t\t\t\t\t\t<div class=\"elementor-text-editor elementor-clearfix\">\r\n\t\t\t\t\t\t<p class=\"styled-subtitle\" style=\"text-align: center;\">Suscr\u00edbase para no perderse ninguna noticia<\/p>\t\t\t\t\t\t\t<\/div>\r\n\t\t\t\t\t\t\t\t\t\t<\/div>\n\t\t\t\t<\/div>\n\t\t\t\t<div class=\"elementor-element elementor-element-cc2d31d flex-horizontal-align-default flex-horizontal-align-tablet-default flex-horizontal-align-mobile-default flex-vertical-align-default flex-vertical-align-tablet-default flex-vertical-align-mobile-default elementor-widget elementor-widget-html\" data-id=\"cc2d31d\" data-element_type=\"widget\" data-e-type=\"widget\" data-widget_type=\"html.default\">\n\t\t\t\t<div class=\"elementor-widget-container\">\n\t\t\t\t\t<div class=\"pipedriveWebForms\" data-pd-webforms=\"https:\/\/webforms.pipedrive.com\/f\/1I2aGwoQVcDUti7SHpEo2U9bRlcWjb6tgfDBJr4Fm5OgiPAgVhE2hn4LKhfSH1J6z\"><script src=\"https:\/\/webforms.pipedrive.com\/f\/loader\"><\/script><\/div>\t\t\t\t<\/div>\n\t\t\t\t<\/div>\n\t\t\t\t\t<\/div>\n\t\t<\/div>\n\t\t\t\t<div class=\"elementor-column elementor-col-50 elementor-top-column elementor-element elementor-element-1da339c0\" data-id=\"1da339c0\" data-element_type=\"column\" data-e-type=\"column\">\n\t\t\t<div class=\"elementor-widget-wrap elementor-element-populated\">\n\t\t\t\t\t\t<div class=\"elementor-element elementor-element-7ee45749 elementor-widget__width-initial flex-horizontal-align-default flex-horizontal-align-tablet-default flex-horizontal-align-mobile-default flex-vertical-align-default flex-vertical-align-tablet-default flex-vertical-align-mobile-default elementor-invisible elementor-widget elementor-widget-image\" data-id=\"7ee45749\" data-element_type=\"widget\" data-e-type=\"widget\" data-settings=\"{&quot;_animation&quot;:&quot;fadeInDown&quot;}\" data-widget_type=\"image.default\">\n\t\t\t\t<div class=\"elementor-widget-container\">\n\t\t\t\t\t\t\t\t\t\t\t\t\t\t\t<img fetchpriority=\"high\" width=\"1024\" height=\"819\" src=\"https:\/\/www.m-target.com\/wp-content\/uploads\/2023\/12\/Newsletter-1024x819.png\" class=\"attachment-large size-large wp-image-34514\" alt=\"Newsletter\" srcset=\"https:\/\/www.m-target.com\/wp-content\/uploads\/2023\/12\/Newsletter-1024x819.png 1024w, https:\/\/www.m-target.com\/wp-content\/uploads\/2023\/12\/Newsletter-300x240.png 300w, https:\/\/www.m-target.com\/wp-content\/uploads\/2023\/12\/Newsletter-768x614.png 768w, https:\/\/www.m-target.com\/wp-content\/uploads\/2023\/12\/Newsletter-1536x1229.png 1536w, https:\/\/www.m-target.com\/wp-content\/uploads\/2023\/12\/Newsletter-2048x1638.png 2048w\" sizes=\"(max-width: 1024px) 100vw, 1024px\" \/>\t\t\t\t\t\t\t\t\t\t\t\t\t\t\t<\/div>\n\t\t\t\t<\/div>\n\t\t\t\t\t<\/div>\n\t\t<\/div>\n\t\t\t\t\t<\/div><\/div>\r\n\t\t<\/section>\r\n\t\t\t\t<\/div>\n\t\t\n\n<div class=\"kk-star-ratings kksr-auto kksr-align-right kksr-valign-bottom\"\n    data-payload='{&quot;align&quot;:&quot;right&quot;,&quot;id&quot;:&quot;34945&quot;,&quot;slug&quot;:&quot;default&quot;,&quot;valign&quot;:&quot;bottom&quot;,&quot;ignore&quot;:&quot;&quot;,&quot;reference&quot;:&quot;auto&quot;,&quot;class&quot;:&quot;&quot;,&quot;count&quot;:&quot;0&quot;,&quot;legendonly&quot;:&quot;&quot;,&quot;readonly&quot;:&quot;&quot;,&quot;score&quot;:&quot;0&quot;,&quot;starsonly&quot;:&quot;&quot;,&quot;best&quot;:&quot;0&quot;,&quot;gap&quot;:&quot;1&quot;,&quot;greet&quot;:&quot;Rate this page&quot;,&quot;legend&quot;:&quot;0\\\/0 - (0 votos)&quot;,&quot;size&quot;:&quot;1&quot;,&quot;title&quot;:&quot;Bolet\u00edn&quot;,&quot;width&quot;:&quot;0&quot;,&quot;_legend&quot;:&quot;{score}\\\/{best} - ({count} {votes})&quot;,&quot;font_factor&quot;:&quot;1.25&quot;}'>\n            \n<div class=\"kksr-stars\">\n    \n<div class=\"kksr-stars-inactive\">\n    <\/div>\n    \n<div class=\"kksr-stars-active\" style=\"width: 0px;\">\n    <\/div>\n<\/div>\n                \n\n<div class=\"kksr-legend\" style=\"font-size: 0.8px;\">\n            <span class=\"kksr-muted\">Rate this page<\/span>\n    <\/div>\n    <\/div>\n","protected":false},"excerpt":{"rendered":"<p>Bolet\u00edn Suscr\u00edbase para no perderse ninguna noticia<\/p>\n","protected":false},"author":1,"featured_media":0,"parent":0,"menu_order":0,"comment_status":"closed","ping_status":"closed","template":"page-fullwidth.php","meta":{"footnotes":""},"class_list":["post-34945","page","type-page","status-publish"],"yoast_head":"<!-- This site is optimized with the Yoast SEO plugin v27.3 - https:\/\/yoast.com\/product\/yoast-seo-wordpress\/ -->\n<title>Bolet\u00edn - M Target<\/title>\n<meta name=\"description\" content=\"Suscr\u00edbase para estar al d\u00eda de las \u00faltimas noticias del Grupo M TARGET y del mercado de la mensajer\u00eda m\u00f3vil.\" \/>\n<meta name=\"robots\" content=\"index, follow, max-snippet:-1, max-image-preview:large, max-video-preview:-1\" \/>\n<link rel=\"canonical\" href=\"https:\/\/www.m-target.com\/es\/boletin\/\" \/>\n<meta property=\"og:locale\" content=\"es_ES\" \/>\n<meta property=\"og:type\" content=\"article\" \/>\n<meta property=\"og:title\" content=\"Bolet\u00edn - M Target\" \/>\n<meta property=\"og:description\" content=\"Suscr\u00edbase para estar al d\u00eda de las \u00faltimas noticias del Grupo M TARGET y del mercado de la mensajer\u00eda m\u00f3vil.\" \/>\n<meta property=\"og:url\" content=\"https:\/\/www.m-target.com\/es\/boletin\/\" \/>\n<meta property=\"og:site_name\" content=\"M Target\" \/>\n<meta property=\"article:modified_time\" content=\"2025-03-21T11:48:03+00:00\" \/>\n<meta property=\"og:image\" content=\"https:\/\/www.m-target.com\/wp-content\/uploads\/2023\/12\/Newsletter.png\" \/>\n\t<meta property=\"og:image:width\" content=\"5000\" \/>\n\t<meta property=\"og:image:height\" content=\"4000\" \/>\n\t<meta property=\"og:image:type\" content=\"image\/png\" \/>\n<meta name=\"twitter:card\" content=\"summary_large_image\" \/>\n<script type=\"application\/ld+json\" class=\"yoast-schema-graph\">{\"@context\":\"https:\\\/\\\/schema.org\",\"@graph\":[{\"@type\":\"WebPage\",\"@id\":\"https:\\\/\\\/www.m-target.com\\\/es\\\/boletin\\\/\",\"url\":\"https:\\\/\\\/www.m-target.com\\\/es\\\/boletin\\\/\",\"name\":\"Bolet\u00edn - M Target\",\"isPartOf\":{\"@id\":\"https:\\\/\\\/www.m-target.com\\\/es\\\/#website\"},\"primaryImageOfPage\":{\"@id\":\"https:\\\/\\\/www.m-target.com\\\/es\\\/boletin\\\/#primaryimage\"},\"image\":{\"@id\":\"https:\\\/\\\/www.m-target.com\\\/es\\\/boletin\\\/#primaryimage\"},\"thumbnailUrl\":\"https:\\\/\\\/www.m-target.com\\\/wp-content\\\/uploads\\\/2023\\\/12\\\/Newsletter-1024x819.png\",\"datePublished\":\"2023-12-15T09:10:26+00:00\",\"dateModified\":\"2025-03-21T11:48:03+00:00\",\"description\":\"Suscr\u00edbase para estar al d\u00eda de las \u00faltimas noticias del Grupo M TARGET y del mercado de la mensajer\u00eda m\u00f3vil.\",\"breadcrumb\":{\"@id\":\"https:\\\/\\\/www.m-target.com\\\/es\\\/boletin\\\/#breadcrumb\"},\"inLanguage\":\"es\",\"potentialAction\":[{\"@type\":\"ReadAction\",\"target\":[\"https:\\\/\\\/www.m-target.com\\\/es\\\/boletin\\\/\"]}]},{\"@type\":\"ImageObject\",\"inLanguage\":\"es\",\"@id\":\"https:\\\/\\\/www.m-target.com\\\/es\\\/boletin\\\/#primaryimage\",\"url\":\"https:\\\/\\\/www.m-target.com\\\/wp-content\\\/uploads\\\/2023\\\/12\\\/Newsletter-1024x819.png\",\"contentUrl\":\"https:\\\/\\\/www.m-target.com\\\/wp-content\\\/uploads\\\/2023\\\/12\\\/Newsletter-1024x819.png\"},{\"@type\":\"BreadcrumbList\",\"@id\":\"https:\\\/\\\/www.m-target.com\\\/es\\\/boletin\\\/#breadcrumb\",\"itemListElement\":[{\"@type\":\"ListItem\",\"position\":1,\"name\":\"Accueil\",\"item\":\"https:\\\/\\\/www.m-target.com\\\/es\\\/\"},{\"@type\":\"ListItem\",\"position\":2,\"name\":\"Bolet\u00edn\"}]},{\"@type\":\"WebSite\",\"@id\":\"https:\\\/\\\/www.m-target.com\\\/es\\\/#website\",\"url\":\"https:\\\/\\\/www.m-target.com\\\/es\\\/\",\"name\":\"M Target\",\"description\":\"Vivez l&#039;exp\u00e9rience marketing mobile\",\"publisher\":{\"@id\":\"https:\\\/\\\/www.m-target.com\\\/es\\\/#organization\"},\"potentialAction\":[{\"@type\":\"SearchAction\",\"target\":{\"@type\":\"EntryPoint\",\"urlTemplate\":\"https:\\\/\\\/www.m-target.com\\\/es\\\/?s={search_term_string}\"},\"query-input\":{\"@type\":\"PropertyValueSpecification\",\"valueRequired\":true,\"valueName\":\"search_term_string\"}}],\"inLanguage\":\"es\"},{\"@type\":\"Organization\",\"@id\":\"https:\\\/\\\/www.m-target.com\\\/es\\\/#organization\",\"name\":\"M Target\",\"url\":\"https:\\\/\\\/www.m-target.com\\\/es\\\/\",\"logo\":{\"@type\":\"ImageObject\",\"inLanguage\":\"es\",\"@id\":\"https:\\\/\\\/www.m-target.com\\\/es\\\/#\\\/schema\\\/logo\\\/image\\\/\",\"url\":\"https:\\\/\\\/www.m-target.com\\\/wp-content\\\/uploads\\\/2023\\\/06\\\/Logo-MTarget-2023-typographie.svg\",\"contentUrl\":\"https:\\\/\\\/www.m-target.com\\\/wp-content\\\/uploads\\\/2023\\\/06\\\/Logo-MTarget-2023-typographie.svg\",\"width\":595,\"height\":149,\"caption\":\"M Target\"},\"image\":{\"@id\":\"https:\\\/\\\/www.m-target.com\\\/es\\\/#\\\/schema\\\/logo\\\/image\\\/\"},\"sameAs\":[\"https:\\\/\\\/www.linkedin.com\\\/company\\\/m-target\"]}]}<\/script>\n<!-- \/ Yoast SEO plugin. -->","yoast_head_json":{"title":"Bolet\u00edn - M Target","description":"Suscr\u00edbase para estar al d\u00eda de las \u00faltimas noticias del Grupo M TARGET y del mercado de la mensajer\u00eda m\u00f3vil.","robots":{"index":"index","follow":"follow","max-snippet":"max-snippet:-1","max-image-preview":"max-image-preview:large","max-video-preview":"max-video-preview:-1"},"canonical":"https:\/\/www.m-target.com\/es\/boletin\/","og_locale":"es_ES","og_type":"article","og_title":"Bolet\u00edn - M Target","og_description":"Suscr\u00edbase para estar al d\u00eda de las \u00faltimas noticias del Grupo M TARGET y del mercado de la mensajer\u00eda m\u00f3vil.","og_url":"https:\/\/www.m-target.com\/es\/boletin\/","og_site_name":"M Target","article_modified_time":"2025-03-21T11:48:03+00:00","og_image":[{"width":5000,"height":4000,"url":"https:\/\/www.m-target.com\/wp-content\/uploads\/2023\/12\/Newsletter.png","type":"image\/png"}],"twitter_card":"summary_large_image","schema":{"@context":"https:\/\/schema.org","@graph":[{"@type":"WebPage","@id":"https:\/\/www.m-target.com\/es\/boletin\/","url":"https:\/\/www.m-target.com\/es\/boletin\/","name":"Bolet\u00edn - M Target","isPartOf":{"@id":"https:\/\/www.m-target.com\/es\/#website"},"primaryImageOfPage":{"@id":"https:\/\/www.m-target.com\/es\/boletin\/#primaryimage"},"image":{"@id":"https:\/\/www.m-target.com\/es\/boletin\/#primaryimage"},"thumbnailUrl":"https:\/\/www.m-target.com\/wp-content\/uploads\/2023\/12\/Newsletter-1024x819.png","datePublished":"2023-12-15T09:10:26+00:00","dateModified":"2025-03-21T11:48:03+00:00","description":"Suscr\u00edbase para estar al d\u00eda de las \u00faltimas noticias del Grupo M TARGET y del mercado de la mensajer\u00eda m\u00f3vil.","breadcrumb":{"@id":"https:\/\/www.m-target.com\/es\/boletin\/#breadcrumb"},"inLanguage":"es","potentialAction":[{"@type":"ReadAction","target":["https:\/\/www.m-target.com\/es\/boletin\/"]}]},{"@type":"ImageObject","inLanguage":"es","@id":"https:\/\/www.m-target.com\/es\/boletin\/#primaryimage","url":"https:\/\/www.m-target.com\/wp-content\/uploads\/2023\/12\/Newsletter-1024x819.png","contentUrl":"https:\/\/www.m-target.com\/wp-content\/uploads\/2023\/12\/Newsletter-1024x819.png"},{"@type":"BreadcrumbList","@id":"https:\/\/www.m-target.com\/es\/boletin\/#breadcrumb","itemListElement":[{"@type":"ListItem","position":1,"name":"Accueil","item":"https:\/\/www.m-target.com\/es\/"},{"@type":"ListItem","position":2,"name":"Bolet\u00edn"}]},{"@type":"WebSite","@id":"https:\/\/www.m-target.com\/es\/#website","url":"https:\/\/www.m-target.com\/es\/","name":"M Target","description":"Vivez l&#039;exp\u00e9rience marketing mobile","publisher":{"@id":"https:\/\/www.m-target.com\/es\/#organization"},"potentialAction":[{"@type":"SearchAction","target":{"@type":"EntryPoint","urlTemplate":"https:\/\/www.m-target.com\/es\/?s={search_term_string}"},"query-input":{"@type":"PropertyValueSpecification","valueRequired":true,"valueName":"search_term_string"}}],"inLanguage":"es"},{"@type":"Organization","@id":"https:\/\/www.m-target.com\/es\/#organization","name":"M Target","url":"https:\/\/www.m-target.com\/es\/","logo":{"@type":"ImageObject","inLanguage":"es","@id":"https:\/\/www.m-target.com\/es\/#\/schema\/logo\/image\/","url":"https:\/\/www.m-target.com\/wp-content\/uploads\/2023\/06\/Logo-MTarget-2023-typographie.svg","contentUrl":"https:\/\/www.m-target.com\/wp-content\/uploads\/2023\/06\/Logo-MTarget-2023-typographie.svg","width":595,"height":149,"caption":"M Target"},"image":{"@id":"https:\/\/www.m-target.com\/es\/#\/schema\/logo\/image\/"},"sameAs":["https:\/\/www.linkedin.com\/company\/m-target"]}]}},"_links":{"self":[{"href":"https:\/\/www.m-target.com\/es\/wp-json\/wp\/v2\/pages\/34945","targetHints":{"allow":["GET"]}}],"collection":[{"href":"https:\/\/www.m-target.com\/es\/wp-json\/wp\/v2\/pages"}],"about":[{"href":"https:\/\/www.m-target.com\/es\/wp-json\/wp\/v2\/types\/page"}],"author":[{"embeddable":true,"href":"https:\/\/www.m-target.com\/es\/wp-json\/wp\/v2\/users\/1"}],"replies":[{"embeddable":true,"href":"https:\/\/www.m-target.com\/es\/wp-json\/wp\/v2\/comments?post=34945"}],"version-history":[{"count":15,"href":"https:\/\/www.m-target.com\/es\/wp-json\/wp\/v2\/pages\/34945\/revisions"}],"predecessor-version":[{"id":42772,"href":"https:\/\/www.m-target.com\/es\/wp-json\/wp\/v2\/pages\/34945\/revisions\/42772"}],"wp:attachment":[{"href":"https:\/\/www.m-target.com\/es\/wp-json\/wp\/v2\/media?parent=34945"}],"curies":[{"name":"wp","href":"https:\/\/api.w.org\/{rel}","templated":true}]}}