{"id":34948,"date":"2023-07-06T14:59:57","date_gmt":"2023-07-06T12:59:57","guid":{"rendered":"https:\/\/www.m-target.com\/gestion-de-sus-datos-personales\/"},"modified":"2025-03-24T14:28:18","modified_gmt":"2025-03-24T13:28:18","slug":"gestion-de-vos-donnees-personnelles","status":"publish","type":"page","link":"https:\/\/www.m-target.com\/es\/gestion-de-vos-donnees-personnelles\/","title":{"rendered":"Gesti\u00f3n de sus datos personales"},"content":{"rendered":"\t\t<div data-elementor-type=\"wp-page\" data-elementor-id=\"34948\" class=\"elementor elementor-34948 elementor-29478\">\n\t\t\t\t\t\t<section class=\"elementor-section elementor-top-section elementor-element elementor-element-73e9680 elementor-section-full_width elementor-section-height-default elementor-section-height-default\" data-id=\"73e9680\" data-element_type=\"section\" data-e-type=\"section\">\r\n\t\t\t\t\t\t<div class=\"elementor-container elementor-column-gap-no\"><div class=\"elementor-row\">\r\n\t\t\t\t\t<div class=\"elementor-column elementor-col-100 elementor-top-column elementor-element elementor-element-b11efa4\" data-id=\"b11efa4\" data-element_type=\"column\" data-e-type=\"column\">\n\t\t\t<div class=\"elementor-widget-wrap elementor-element-populated\">\n\t\t\t\t\t\t<section class=\"elementor-section elementor-inner-section elementor-element elementor-element-05fd118 elementor-section-boxed elementor-section-height-default elementor-section-height-default\" data-id=\"05fd118\" data-element_type=\"section\" data-e-type=\"section\">\r\n\t\t\t\t\t\t<div class=\"elementor-container elementor-column-gap-thegem\"><div class=\"elementor-row\">\r\n\t\t\t\t\t<div class=\"elementor-column elementor-col-100 elementor-inner-column elementor-element elementor-element-72cfd18\" data-id=\"72cfd18\" data-element_type=\"column\" data-e-type=\"column\">\n\t\t\t<div class=\"elementor-widget-wrap elementor-element-populated\">\n\t\t\t\t\t\t<div class=\"elementor-element elementor-element-0ef262f flex-horizontal-align-default flex-horizontal-align-tablet-default flex-horizontal-align-mobile-default flex-vertical-align-default flex-vertical-align-tablet-default flex-vertical-align-mobile-default elementor-widget elementor-widget-heading\" data-id=\"0ef262f\" data-element_type=\"widget\" data-e-type=\"widget\" data-settings=\"{&quot;_animation&quot;:&quot;none&quot;}\" data-widget_type=\"heading.default\">\n\t\t\t\t<div class=\"elementor-widget-container\">\n\t\t\t\t\t<h1 class=\"elementor-heading-title elementor-size-xxl\">Gesti\u00f3n de datos<\/h1>\t\t\t\t<\/div>\n\t\t\t\t<\/div>\n\t\t\t\t<div class=\"elementor-element elementor-element-17dbe0d flex-horizontal-align-default flex-horizontal-align-tablet-default flex-horizontal-align-mobile-default flex-vertical-align-default flex-vertical-align-tablet-default flex-vertical-align-mobile-default elementor-widget elementor-widget-text-editor\" data-id=\"17dbe0d\" data-element_type=\"widget\" data-e-type=\"widget\" data-widget_type=\"text-editor.default\">\n\t\t\t\t<div class=\"elementor-widget-container\">\n\t\t\t\t\t\t\t\t\t\t\t\t<div class=\"elementor-text-editor elementor-clearfix\">\r\n\t\t\t\t\t\t<div class=\"column mcb-column one-second column_column column-margin-\"><div class=\"column_attr clearfix\"><div class=\"column mcb-column one-second column_column column-margin-\"><div class=\"column_attr clearfix\"><p>MTARGET concede gran importancia al respeto de su intimidad y de sus datos personales. El prop\u00f3sito de este documento es informarle sobre la informaci\u00f3n que podemos recopilar sobre usted, c\u00f3mo podemos utilizar esa informaci\u00f3n, si la revelamos a alguien y las opciones que tiene con respecto al uso que hacemos de la informaci\u00f3n que recopilamos.<br>Al utilizar nuestros servicios y conectarse a nuestros distintos sitios web, usted acepta las disposiciones establecidas en el texto siguiente. Si no est\u00e1 de acuerdo con todas las disposiciones siguientes, no utilice nuestros servicios y desconecte su conexi\u00f3n.<\/p><\/div><\/div><div class=\"column mcb-column one-fourth column_column column-margin-\"><div class=\"column_attr clearfix\"><span style=\"font-family: Montserrat; font-size: 24px; font-weight: bold; letter-spacing: 0.05em; text-transform: uppercase;\">Inscripci\u00f3n en el servicio<\/span><\/div><div> <\/div><\/div><div class=\"column mcb-column one-second column_column column-margin-\"><div class=\"column_attr clearfix\"><p>Para que podamos enviarle sus c\u00f3digos de acceso a nuestros servicios y validar su registro, deber\u00e1 facilitarnos sus datos de contacto y cualquier otra informaci\u00f3n sobre usted. Durante el proceso de registro, debe facilitarnos cierta informaci\u00f3n de contacto, como su nombre, direcci\u00f3n, n\u00famero de tel\u00e9fono y direcci\u00f3n de correo electr\u00f3nico. Utilizamos esta informaci\u00f3n para ponernos en contacto con usted sobre los servicios que ofrecemos en los que ha expresado inter\u00e9s.  <\/p><\/div><\/div><div class=\"column mcb-column one-second column_column column-margin-\"><div class=\"column_attr clearfix\"><h3>Portal de asistencia<\/h3><p>Cuando se ponga en contacto con nuestro servicio de asistencia por correo electr\u00f3nico o a trav\u00e9s de nuestro portal de usuario, es posible que le pidamos determinada informaci\u00f3n sobre su solicitud, como su nombre, direcci\u00f3n de correo electr\u00f3nico o n\u00famero de tel\u00e9fono m\u00f3vil o fijo.<\/p><\/div><\/div><div class=\"column mcb-column one-second column_column column-margin-\"><div class=\"column_attr clearfix\"><h3>Qu\u00e9 son las cookies y c\u00f3mo gestionarlas<\/h3><p>Una cookie es un peque\u00f1o fragmento de datos (archivo de texto) que un sitio web -cuando es visitado por un usuario- pide a su navegador que almacene en su dispositivo para recordar informaci\u00f3n sobre usted, como su preferencia de idioma o sus datos de acceso. Tambi\u00e9n utilizamos cookies de terceros -que son cookies de un dominio distinto del dominio del sitio web que est\u00e1 visitando- para medir la eficacia de nuestra publicidad y marketing. <\/p><\/div><\/div><div class=\"column mcb-column one-second column_column column-margin-\"><div class=\"column_attr clearfix\"><h3>\u00bfC\u00f3mo utilizan cookies el sitio web y los servicios?<\/h3><p>Nuestros portales de atenci\u00f3n al cliente utilizan cookies de sesi\u00f3n que contienen informaci\u00f3n encriptada para permitir que el sistema le identifique de forma exclusiva cuando inicia sesi\u00f3n. Esta informaci\u00f3n nos permite procesar sus datos y solicitudes en l\u00ednea. Las cookies de sesi\u00f3n nos ayudan a garantizar que la informaci\u00f3n transmitida es exacta. Utilizamos cookies persistentes, que s\u00f3lo nosotros podemos leer y utilizar, para identificar si eres un cliente o un visitante anterior del sitio.<br>Tambi\u00e9n podemos, de vez en cuando, contratar a terceros para controlar y analizar el uso del sitio. S\u00f3lo recogemos datos de car\u00e1cter no personal (informaci\u00f3n estad\u00edstica sobre el volumen de visitantes de nuestros sitios web). El prop\u00f3sito es ayudarnos a administrar nuestros sitios web y mejorar su calidad. Estos terceros pueden utilizar cookies para rastrear el comportamiento de los visitantes. Estas cookies no se utilizar\u00e1n para asociar datos personales a visitantes individuales del sitio web. Los datos recopilados por estos terceros en nuestro nombre se utilizan \u00fanicamente para proporcionarnos informaci\u00f3n sobre el uso del sitio y no se comparten con ning\u00fan otro tercero.<\/p><\/div><\/div><div class=\"column mcb-column one-fourth column_column column-margin-\"><div class=\"column_attr clearfix\"> <\/div><\/div><div class=\"column mcb-column one-fourth column_column column-margin-\"><div class=\"column_attr clearfix\"><span style=\"font-family: Montserrat; font-size: 24px; font-weight: bold; letter-spacing: 0.05em; text-transform: uppercase;\">Correo y mensajer\u00eda<\/span><\/div><\/div><div class=\"column mcb-column one-second column_column column-margin-\"><div class=\"column_attr clearfix\"><p>Los correos electr\u00f3nicos y cartas intercambiados entre usted y nuestra empresa pueden almacenarse.<\/p><p><span style=\"font-family: Montserrat; font-size: 24px; font-weight: bold; letter-spacing: 0.05em; text-transform: uppercase;\">Aplicaci\u00f3n<\/span><\/p><\/div><\/div><div class=\"column mcb-column one-second column_column column-margin-\"><div class=\"column_attr clearfix\"><p>Recopilamos informaci\u00f3n cuando nos env\u00eda una solicitud, un curr\u00edculum v\u00edtae, respuestas a encuestas o informaci\u00f3n similar. Si no es seleccionado, no conservamos esta informaci\u00f3n. <\/p><\/div><\/div><div class=\"column mcb-column one-fourth column_column column-margin-\"><div class=\"column_attr clearfix\"> <\/div><\/div><div class=\"column mcb-column one-fourth column_column column-margin-\"><div class=\"column_attr clearfix\"><span style=\"font-family: Montserrat; font-size: 24px; font-weight: bold; letter-spacing: 0.05em; text-transform: uppercase;\">Boletines<\/span><\/div><\/div><div class=\"column mcb-column one-second column_column column-margin-\"><div class=\"column_attr clearfix\"><p>Si desea suscribirse a nuestros boletines, utilizaremos su nombre y direcci\u00f3n de correo electr\u00f3nico y\/o su n\u00famero de tel\u00e9fono m\u00f3vil para envi\u00e1rselos.<\/p><p>Por tanto, el formato de env\u00edo puede ser por correo electr\u00f3nico, SMS o RCS.<\/p><p>Por respeto a su intimidad, puede darse de baja de la recepci\u00f3n total o parcial de nuestros boletines enviando un correo electr\u00f3nico a <a href=\"mailto:contact@mtarget.fr\">contact@mtarget.fr<\/a> o utilizando el enlace para darse de baja que figura en nuestros boletines.<\/p><\/div><\/div><div class=\"column mcb-column one-second column_column column-margin-\"><div class=\"column_attr clearfix\"><h3>C\u00f3mo utilizamos la informaci\u00f3n<\/h3><p>Podemos utilizar los datos que obtenemos como se describe anteriormente para fines relacionados con nuestro sitio web y servicios y, en particular, para proporcionarte el sitio web y los servicios, para participar en la mejora del sitio web y los servicios, para enviarte preguntas y responder a los problemas que puedas plantear, para comunicaciones relacionadas con encuestas y satisfacci\u00f3n del cliente, para la verificaci\u00f3n de datos personales o comerciales.<br>Te enviaremos anuncios relacionados con el servicio cuando sea necesario. Por ejemplo, si nuestro servicio se suspende temporalmente por mantenimiento, podemos enviarle un correo electr\u00f3nico. Tambi\u00e9n nos comunicaremos con usted en respuesta a sus solicitudes de servicio al cliente, para prestarle los servicios que solicite y para gestionar su cuenta.<\/p><h3>Divulgaci\u00f3n e intercambio de informaci\u00f3n<\/h3><p>No vendemos ni alquilamos sus datos a terceros con fines publicitarios o de marketing. No obstante, nos reservamos el derecho a revelar informaci\u00f3n si as\u00ed lo exige la ley o la normativa para cumplir una orden judicial o un proceso legal. <\/p><h3>Seguridad<\/h3><p>Todos los accesos inform\u00e1ticos externos a las infraestructuras de MTarget deben pasar por cortafuegos frontales que, adem\u00e1s de filtrar, archivan los registros de conexi\u00f3n en servidores dedicados. El firewaling establecido a este nivel tambi\u00e9n ofrece mecanismos de protecci\u00f3n para contrarrestar los ataques cl\u00e1sicos contra IP y los protocolos asociados: TCP SYN Flood, Ping Flooding, Teardrop, ataques de amplificaci\u00f3n DNS, SMURF, Ping of Death, Force SYN Packet Check, pol\u00edtica DROP sobre ICMP, etc. Adem\u00e1s, las sondas de escucha del tr\u00e1fico de red interna NIDS analizan constantemente las tramas en busca de tr\u00e1fico no conforme.<br>MTarget tambi\u00e9n aplica una rigurosa pol\u00edtica de actualizaci\u00f3n de los parches de seguridad de los distintos dispositivos de hardware y de los bricks de software de cada servidor f\u00edsico y VM. Estas actualizaciones son el resultado de un seguimiento continuo por parte de nuestros equipos del estado de la base de aplicaciones, as\u00ed como de procesos recurrentes para homogeneizar la base alojada con vistas a minimizar las brechas de seguridad. Equipos dedicados supervisan todos los servidores mediante herramientas de supervisi\u00f3n de sistemas 24\/7, con notificaci\u00f3n autom\u00e1tica por diversos medios (correo electr\u00f3nico, SMS) de fallos de software o hardware, o tiempos de respuesta lentos. Esto abarca la seguridad, el uso de los recursos de la aplicaci\u00f3n, las capacidades del servidor (CPU, discos, etc.) y las copias de seguridad. Para mantener la actividad empresarial, el an\u00e1lisis de riesgos se lleva a cabo de forma peri\u00f3dica, y constantemente se a\u00f1aden nuevas normas a medida que cambia el alcance de la actividad. Adem\u00e1s, los equipos realizan sistem\u00e1ticamente simulaciones de aver\u00edas reales para mejorar su capacidad de detectarlas, al tiempo que validan la capacidad de ofrecer continuidad de servicio mediante las redundancias de aplicaciones implantadas.<\/p><h3>Alojamiento de datos<\/h3><p>Los servicios y sitios web de MTARGET est\u00e1n alojados en territorio franc\u00e9s en los siguientes sitios de alojamiento:<br>&#8211; Datacenter SFR avenue Albert Einstein 78190 Trappes<br>&#8211; Datacenter SFR 124 Boulevard de Verdun 92400 Courbevoie<\/p><h3>DERECHO DE ACCESO Y RECTIFICACI\u00d3N<\/h3><p>Tiene derecho a solicitar el acceso a sus datos personales. Esto incluye el derecho a ser informado de si se est\u00e1n tratando o no sus datos personales, qu\u00e9 datos personales se est\u00e1n tratando y la finalidad del tratamiento. Tambi\u00e9n tiene derecho a rectificar o a\u00f1adir datos personales si son inexactos o est\u00e1n incompletos.  <\/p><h3>DERECHO DE SUPRESI\u00d3N<\/h3><p>Puede solicitar la supresi\u00f3n de sus datos personales de conformidad con la legislaci\u00f3n aplicable en materia de protecci\u00f3n de datos.<\/p><h3>DERECHO DE OPOSICI\u00d3N<\/h3><p>Tambi\u00e9n tiene derecho a oponerse a determinadas operaciones de tratamiento o a solicitar que se restrinja el tratamiento de datos personales si cree que los datos personales pueden no ser correctos o si considera que el tratamiento es ilegal.<\/p><h3>DERECHO A LA PORTABILIDAD DE LOS DATOS<\/h3><p>Si solicitas acceder a los datos personales que te conciernen y que t\u00fa mismo has facilitado, y si los datos personales se procesan autom\u00e1ticamente con tu consentimiento o de acuerdo con un contrato entre t\u00fa y nosotros, puedes solicitar que los datos se faciliten en un formato estructurado, de uso com\u00fan y legible por m\u00e1quina, y tambi\u00e9n puedes solicitar que los datos personales se transfieran a otro responsable del tratamiento, si es t\u00e9cnicamente posible.<br>Puedes ejercer tus derechos de acuerdo con las normas legales vigentes en tu pa\u00eds escribiendo a la siguiente direcci\u00f3n: dpo@mtarget.fr.<\/p><h3>Cambios en esta Pol\u00edtica de Gesti\u00f3n de Datos Personales<\/h3><p>Nos reservamos el derecho a modificar este documento en cualquier momento, por lo que le rogamos que lo consulte con regularidad. Si realizamos cambios en esta Pol\u00edtica de Privacidad, publicaremos la Pol\u00edtica de Privacidad revisada en el Sitio y en otros lugares que consideremos apropiados. <\/p><\/div><\/div><\/div><\/div>\t\t\t\t\t\t\t<\/div>\r\n\t\t\t\t\t\t\t\t\t\t<\/div>\n\t\t\t\t<\/div>\n\t\t\t\t\t<\/div>\n\t\t<\/div>\n\t\t\t\t\t<\/div><\/div>\r\n\t\t<\/section>\r\n\t\t\t\t\t<\/div>\n\t\t<\/div>\n\t\t\t\t\t<\/div><\/div>\r\n\t\t<\/section>\r\n\t\t\t\t<section class=\"elementor-section elementor-top-section elementor-element elementor-element-81d4ab3 elementor-section-boxed elementor-section-height-default elementor-section-height-default\" data-id=\"81d4ab3\" data-element_type=\"section\" data-e-type=\"section\">\r\n\t\t\t\t\t\t<div class=\"elementor-container elementor-column-gap-thegem\"><div class=\"elementor-row\">\r\n\t\t\t\t\t<div class=\"elementor-column elementor-col-100 elementor-top-column elementor-element elementor-element-657eade\" data-id=\"657eade\" data-element_type=\"column\" data-e-type=\"column\">\n\t\t\t<div class=\"elementor-widget-wrap elementor-element-populated\">\n\t\t\t\t\t\t<div class=\"elementor-element elementor-element-ff13dee flex-horizontal-align-default flex-horizontal-align-tablet-default flex-horizontal-align-mobile-default flex-vertical-align-default flex-vertical-align-tablet-default flex-vertical-align-mobile-default elementor-widget elementor-widget-spacer\" data-id=\"ff13dee\" data-element_type=\"widget\" data-e-type=\"widget\" data-widget_type=\"spacer.default\">\n\t\t\t\t<div class=\"elementor-widget-container\">\n\t\t\t\t\t\t\t<div class=\"elementor-spacer\">\n\t\t\t<div class=\"elementor-spacer-inner\"><\/div>\n\t\t<\/div>\n\t\t\t\t\t\t<\/div>\n\t\t\t\t<\/div>\n\t\t\t\t\t<\/div>\n\t\t<\/div>\n\t\t\t\t\t<\/div><\/div>\r\n\t\t<\/section>\r\n\t\t\t\t<\/div>\n\t\t\n\n<div class=\"kk-star-ratings kksr-auto kksr-align-right kksr-valign-bottom\"\n    data-payload='{&quot;align&quot;:&quot;right&quot;,&quot;id&quot;:&quot;34948&quot;,&quot;slug&quot;:&quot;default&quot;,&quot;valign&quot;:&quot;bottom&quot;,&quot;ignore&quot;:&quot;&quot;,&quot;reference&quot;:&quot;auto&quot;,&quot;class&quot;:&quot;&quot;,&quot;count&quot;:&quot;0&quot;,&quot;legendonly&quot;:&quot;&quot;,&quot;readonly&quot;:&quot;&quot;,&quot;score&quot;:&quot;0&quot;,&quot;starsonly&quot;:&quot;&quot;,&quot;best&quot;:&quot;0&quot;,&quot;gap&quot;:&quot;1&quot;,&quot;greet&quot;:&quot;Rate this page&quot;,&quot;legend&quot;:&quot;0\\\/0 - (0 votos)&quot;,&quot;size&quot;:&quot;1&quot;,&quot;title&quot;:&quot;Gesti\u00f3n de sus datos personales&quot;,&quot;width&quot;:&quot;0&quot;,&quot;_legend&quot;:&quot;{score}\\\/{best} - ({count} {votes})&quot;,&quot;font_factor&quot;:&quot;1.25&quot;}'>\n            \n<div class=\"kksr-stars\">\n    \n<div class=\"kksr-stars-inactive\">\n    <\/div>\n    \n<div class=\"kksr-stars-active\" style=\"width: 0px;\">\n    <\/div>\n<\/div>\n                \n\n<div class=\"kksr-legend\" style=\"font-size: 0.8px;\">\n            <span class=\"kksr-muted\">Rate this page<\/span>\n    <\/div>\n    <\/div>\n","protected":false},"excerpt":{"rendered":"<p>Gesti\u00f3n de datos MTARGET concede gran importancia al respeto de su intimidad y de sus datos personales. El prop\u00f3sito de&#8230;<\/p>\n","protected":false},"author":1,"featured_media":0,"parent":0,"menu_order":0,"comment_status":"closed","ping_status":"closed","template":"page-fullwidth.php","meta":{"footnotes":""},"class_list":["post-34948","page","type-page","status-publish"],"yoast_head":"<!-- This site is optimized with the Yoast SEO plugin v27.4 - https:\/\/yoast.com\/product\/yoast-seo-wordpress\/ -->\n<title>Gesti\u00f3n de sus datos personales - M Target<\/title>\n<meta name=\"description\" content=\"MTARGET concede gran importancia al respeto de su intimidad y de sus datos personales.\" \/>\n<meta name=\"robots\" content=\"index, follow, max-snippet:-1, max-image-preview:large, max-video-preview:-1\" \/>\n<link rel=\"canonical\" href=\"https:\/\/www.m-target.com\/es\/gestion-de-vos-donnees-personnelles\/\" \/>\n<meta property=\"og:locale\" content=\"es_ES\" \/>\n<meta property=\"og:type\" content=\"article\" \/>\n<meta property=\"og:title\" content=\"Gesti\u00f3n de sus datos personales - M Target\" \/>\n<meta property=\"og:description\" content=\"MTARGET concede gran importancia al respeto de su intimidad y de sus datos personales.\" \/>\n<meta property=\"og:url\" content=\"https:\/\/www.m-target.com\/es\/gestion-de-vos-donnees-personnelles\/\" \/>\n<meta property=\"og:site_name\" content=\"M Target\" \/>\n<meta property=\"article:modified_time\" content=\"2025-03-24T13:28:18+00:00\" \/>\n<meta name=\"twitter:card\" content=\"summary_large_image\" \/>\n<script type=\"application\/ld+json\" class=\"yoast-schema-graph\">{\"@context\":\"https:\\\/\\\/schema.org\",\"@graph\":[{\"@type\":\"WebPage\",\"@id\":\"https:\\\/\\\/www.m-target.com\\\/es\\\/gestion-de-vos-donnees-personnelles\\\/\",\"url\":\"https:\\\/\\\/www.m-target.com\\\/es\\\/gestion-de-vos-donnees-personnelles\\\/\",\"name\":\"Gesti\u00f3n de sus datos personales - M Target\",\"isPartOf\":{\"@id\":\"https:\\\/\\\/www.m-target.com\\\/es\\\/#website\"},\"datePublished\":\"2023-07-06T12:59:57+00:00\",\"dateModified\":\"2025-03-24T13:28:18+00:00\",\"description\":\"MTARGET concede gran importancia al respeto de su intimidad y de sus datos personales.\",\"breadcrumb\":{\"@id\":\"https:\\\/\\\/www.m-target.com\\\/es\\\/gestion-de-vos-donnees-personnelles\\\/#breadcrumb\"},\"inLanguage\":\"es\",\"potentialAction\":[{\"@type\":\"ReadAction\",\"target\":[\"https:\\\/\\\/www.m-target.com\\\/es\\\/gestion-de-vos-donnees-personnelles\\\/\"]}]},{\"@type\":\"BreadcrumbList\",\"@id\":\"https:\\\/\\\/www.m-target.com\\\/es\\\/gestion-de-vos-donnees-personnelles\\\/#breadcrumb\",\"itemListElement\":[{\"@type\":\"ListItem\",\"position\":1,\"name\":\"Accueil\",\"item\":\"https:\\\/\\\/www.m-target.com\\\/es\\\/\"},{\"@type\":\"ListItem\",\"position\":2,\"name\":\"Gesti\u00f3n de sus datos personales\"}]},{\"@type\":\"WebSite\",\"@id\":\"https:\\\/\\\/www.m-target.com\\\/es\\\/#website\",\"url\":\"https:\\\/\\\/www.m-target.com\\\/es\\\/\",\"name\":\"M Target\",\"description\":\"Vivez l&#039;exp\u00e9rience marketing mobile\",\"publisher\":{\"@id\":\"https:\\\/\\\/www.m-target.com\\\/es\\\/#organization\"},\"potentialAction\":[{\"@type\":\"SearchAction\",\"target\":{\"@type\":\"EntryPoint\",\"urlTemplate\":\"https:\\\/\\\/www.m-target.com\\\/es\\\/?s={search_term_string}\"},\"query-input\":{\"@type\":\"PropertyValueSpecification\",\"valueRequired\":true,\"valueName\":\"search_term_string\"}}],\"inLanguage\":\"es\"},{\"@type\":\"Organization\",\"@id\":\"https:\\\/\\\/www.m-target.com\\\/es\\\/#organization\",\"name\":\"M Target\",\"url\":\"https:\\\/\\\/www.m-target.com\\\/es\\\/\",\"logo\":{\"@type\":\"ImageObject\",\"inLanguage\":\"es\",\"@id\":\"https:\\\/\\\/www.m-target.com\\\/es\\\/#\\\/schema\\\/logo\\\/image\\\/\",\"url\":\"https:\\\/\\\/www.m-target.com\\\/wp-content\\\/uploads\\\/2023\\\/06\\\/Logo-MTarget-2023-typographie.svg\",\"contentUrl\":\"https:\\\/\\\/www.m-target.com\\\/wp-content\\\/uploads\\\/2023\\\/06\\\/Logo-MTarget-2023-typographie.svg\",\"width\":595,\"height\":149,\"caption\":\"M Target\"},\"image\":{\"@id\":\"https:\\\/\\\/www.m-target.com\\\/es\\\/#\\\/schema\\\/logo\\\/image\\\/\"},\"sameAs\":[\"https:\\\/\\\/www.linkedin.com\\\/company\\\/m-target\"]}]}<\/script>\n<!-- \/ Yoast SEO plugin. -->","yoast_head_json":{"title":"Gesti\u00f3n de sus datos personales - M Target","description":"MTARGET concede gran importancia al respeto de su intimidad y de sus datos personales.","robots":{"index":"index","follow":"follow","max-snippet":"max-snippet:-1","max-image-preview":"max-image-preview:large","max-video-preview":"max-video-preview:-1"},"canonical":"https:\/\/www.m-target.com\/es\/gestion-de-vos-donnees-personnelles\/","og_locale":"es_ES","og_type":"article","og_title":"Gesti\u00f3n de sus datos personales - M Target","og_description":"MTARGET concede gran importancia al respeto de su intimidad y de sus datos personales.","og_url":"https:\/\/www.m-target.com\/es\/gestion-de-vos-donnees-personnelles\/","og_site_name":"M Target","article_modified_time":"2025-03-24T13:28:18+00:00","twitter_card":"summary_large_image","schema":{"@context":"https:\/\/schema.org","@graph":[{"@type":"WebPage","@id":"https:\/\/www.m-target.com\/es\/gestion-de-vos-donnees-personnelles\/","url":"https:\/\/www.m-target.com\/es\/gestion-de-vos-donnees-personnelles\/","name":"Gesti\u00f3n de sus datos personales - M Target","isPartOf":{"@id":"https:\/\/www.m-target.com\/es\/#website"},"datePublished":"2023-07-06T12:59:57+00:00","dateModified":"2025-03-24T13:28:18+00:00","description":"MTARGET concede gran importancia al respeto de su intimidad y de sus datos personales.","breadcrumb":{"@id":"https:\/\/www.m-target.com\/es\/gestion-de-vos-donnees-personnelles\/#breadcrumb"},"inLanguage":"es","potentialAction":[{"@type":"ReadAction","target":["https:\/\/www.m-target.com\/es\/gestion-de-vos-donnees-personnelles\/"]}]},{"@type":"BreadcrumbList","@id":"https:\/\/www.m-target.com\/es\/gestion-de-vos-donnees-personnelles\/#breadcrumb","itemListElement":[{"@type":"ListItem","position":1,"name":"Accueil","item":"https:\/\/www.m-target.com\/es\/"},{"@type":"ListItem","position":2,"name":"Gesti\u00f3n de sus datos personales"}]},{"@type":"WebSite","@id":"https:\/\/www.m-target.com\/es\/#website","url":"https:\/\/www.m-target.com\/es\/","name":"M Target","description":"Vivez l&#039;exp\u00e9rience marketing mobile","publisher":{"@id":"https:\/\/www.m-target.com\/es\/#organization"},"potentialAction":[{"@type":"SearchAction","target":{"@type":"EntryPoint","urlTemplate":"https:\/\/www.m-target.com\/es\/?s={search_term_string}"},"query-input":{"@type":"PropertyValueSpecification","valueRequired":true,"valueName":"search_term_string"}}],"inLanguage":"es"},{"@type":"Organization","@id":"https:\/\/www.m-target.com\/es\/#organization","name":"M Target","url":"https:\/\/www.m-target.com\/es\/","logo":{"@type":"ImageObject","inLanguage":"es","@id":"https:\/\/www.m-target.com\/es\/#\/schema\/logo\/image\/","url":"https:\/\/www.m-target.com\/wp-content\/uploads\/2023\/06\/Logo-MTarget-2023-typographie.svg","contentUrl":"https:\/\/www.m-target.com\/wp-content\/uploads\/2023\/06\/Logo-MTarget-2023-typographie.svg","width":595,"height":149,"caption":"M Target"},"image":{"@id":"https:\/\/www.m-target.com\/es\/#\/schema\/logo\/image\/"},"sameAs":["https:\/\/www.linkedin.com\/company\/m-target"]}]}},"_links":{"self":[{"href":"https:\/\/www.m-target.com\/es\/wp-json\/wp\/v2\/pages\/34948","targetHints":{"allow":["GET"]}}],"collection":[{"href":"https:\/\/www.m-target.com\/es\/wp-json\/wp\/v2\/pages"}],"about":[{"href":"https:\/\/www.m-target.com\/es\/wp-json\/wp\/v2\/types\/page"}],"author":[{"embeddable":true,"href":"https:\/\/www.m-target.com\/es\/wp-json\/wp\/v2\/users\/1"}],"replies":[{"embeddable":true,"href":"https:\/\/www.m-target.com\/es\/wp-json\/wp\/v2\/comments?post=34948"}],"version-history":[{"count":7,"href":"https:\/\/www.m-target.com\/es\/wp-json\/wp\/v2\/pages\/34948\/revisions"}],"predecessor-version":[{"id":42784,"href":"https:\/\/www.m-target.com\/es\/wp-json\/wp\/v2\/pages\/34948\/revisions\/42784"}],"wp:attachment":[{"href":"https:\/\/www.m-target.com\/es\/wp-json\/wp\/v2\/media?parent=34948"}],"curies":[{"name":"wp","href":"https:\/\/api.w.org\/{rel}","templated":true}]}}