{"id":34958,"date":"2023-05-03T13:55:04","date_gmt":"2023-05-03T11:55:04","guid":{"rendered":"https:\/\/www.m-target.com\/carreras-profesionales\/"},"modified":"2025-03-21T12:05:44","modified_gmt":"2025-03-21T11:05:44","slug":"carreras-profesionales","status":"publish","type":"page","link":"https:\/\/www.m-target.com\/es\/carreras-profesionales\/","title":{"rendered":"Carreras profesionales"},"content":{"rendered":"\t\t<div data-elementor-type=\"wp-page\" data-elementor-id=\"34958\" class=\"elementor elementor-34958 elementor-26159\">\n\t\t\t\t\t\t<section class=\"elementor-section elementor-top-section elementor-element elementor-element-075495b elementor-section-full_width elementor-section-height-default elementor-section-height-default\" data-id=\"075495b\" data-element_type=\"section\" data-e-type=\"section\">\r\n\t\t\t\t\t\t<div class=\"elementor-container elementor-column-gap-no\"><div class=\"elementor-row\">\r\n\t\t\t\t\t<div class=\"elementor-column elementor-col-100 elementor-top-column elementor-element elementor-element-7e0fe74\" data-id=\"7e0fe74\" data-element_type=\"column\" data-e-type=\"column\">\n\t\t\t<div class=\"elementor-widget-wrap elementor-element-populated\">\n\t\t\t\t\t\t<section class=\"elementor-section elementor-inner-section elementor-element elementor-element-106132d elementor-section-boxed elementor-section-height-default elementor-section-height-default\" data-id=\"106132d\" data-element_type=\"section\" data-e-type=\"section\">\r\n\t\t\t\t\t\t<div class=\"elementor-container elementor-column-gap-thegem\"><div class=\"elementor-row\">\r\n\t\t\t\t\t<div class=\"elementor-column elementor-col-100 elementor-inner-column elementor-element elementor-element-2652729\" data-id=\"2652729\" data-element_type=\"column\" data-e-type=\"column\">\n\t\t\t<div class=\"elementor-widget-wrap elementor-element-populated\">\n\t\t\t\t\t\t<div class=\"elementor-element elementor-element-a72fad2 flex-horizontal-align-default flex-horizontal-align-tablet-default flex-horizontal-align-mobile-default flex-vertical-align-default flex-vertical-align-tablet-default flex-vertical-align-mobile-default elementor-widget elementor-widget-heading\" data-id=\"a72fad2\" data-element_type=\"widget\" data-e-type=\"widget\" data-settings=\"{&quot;_animation&quot;:&quot;none&quot;}\" data-widget_type=\"heading.default\">\n\t\t\t\t<div class=\"elementor-widget-container\">\n\t\t\t\t\t<h1 class=\"light elementor-heading-title elementor-size-default\">Nuestras ofertas de empleo<\/h1>\t\t\t\t<\/div>\n\t\t\t\t<\/div>\n\t\t\t\t<div class=\"elementor-element elementor-element-4bd5c59 flex-horizontal-align-default flex-horizontal-align-tablet-default flex-horizontal-align-mobile-default flex-vertical-align-default flex-vertical-align-tablet-default flex-vertical-align-mobile-default elementor-widget elementor-widget-text-editor\" data-id=\"4bd5c59\" data-element_type=\"widget\" data-e-type=\"widget\" data-widget_type=\"text-editor.default\">\n\t\t\t\t<div class=\"elementor-widget-container\">\n\t\t\t\t\t\t\t\t\t\t\t\t<div class=\"elementor-text-editor elementor-clearfix\">\r\n\t\t\t\t\t\t<p class=\"styled-subtitle\">Buscamos talentos de todas las procedencias para contribuir a nuestro crecimiento. Tanto si eres un profesional con experiencia como un joven talento ambicioso, te ofrecemos interesantes oportunidades en diversos campos. \u00danase a nosotros para trabajar en proyectos apasionantes y formar parte de una empresa centrada en la excelencia.<\/p>\t\t\t\t\t\t\t<\/div>\r\n\t\t\t\t\t\t\t\t\t\t<\/div>\n\t\t\t\t<\/div>\n\t\t\t\t\t<\/div>\n\t\t<\/div>\n\t\t\t\t\t<\/div><\/div>\r\n\t\t<\/section>\r\n\t\t\t\t\t<\/div>\n\t\t<\/div>\n\t\t\t\t\t<\/div><\/div>\r\n\t\t<\/section>\r\n\t\t\t\t<section class=\"elementor-section elementor-top-section elementor-element elementor-element-8e5ba0d elementor-section-boxed elementor-section-height-default elementor-section-height-default\" data-id=\"8e5ba0d\" data-element_type=\"section\" data-e-type=\"section\" data-settings=\"{&quot;background_background&quot;:&quot;classic&quot;}\">\r\n\t\t\t\t\t\t<div class=\"elementor-container elementor-column-gap-thegem\"><div class=\"elementor-row\">\r\n\t\t\t\t\t<div class=\"elementor-column elementor-col-100 elementor-top-column elementor-element elementor-element-118d166\" data-id=\"118d166\" data-element_type=\"column\" data-e-type=\"column\">\n\t\t\t<div class=\"elementor-widget-wrap elementor-element-populated\">\n\t\t\t\t\t\t<div class=\"elementor-element elementor-element-2e6722b flex-horizontal-align-default flex-horizontal-align-tablet-default flex-horizontal-align-mobile-default flex-vertical-align-default flex-vertical-align-tablet-default flex-vertical-align-mobile-default elementor-widget elementor-widget-text-editor\" data-id=\"2e6722b\" data-element_type=\"widget\" data-e-type=\"widget\" data-widget_type=\"text-editor.default\">\n\t\t\t\t<div class=\"elementor-widget-container\">\n\t\t\t\t\t\t\t\t\t\t\t\t<div class=\"elementor-text-editor elementor-clearfix\">\r\n\t\t\t\t\t\t<p class=\"styled-subtitle\">Actualmente no hay vacantes.<\/p>\t\t\t\t\t\t\t<\/div>\r\n\t\t\t\t\t\t\t\t\t\t<\/div>\n\t\t\t\t<\/div>\n\t\t\t\t\t<\/div>\n\t\t<\/div>\n\t\t\t\t\t<\/div><\/div>\r\n\t\t<\/section>\r\n\t\t\t\t<\/div>\n\t\t\n\n<div class=\"kk-star-ratings kksr-auto kksr-align-right kksr-valign-bottom\"\n    data-payload='{&quot;align&quot;:&quot;right&quot;,&quot;id&quot;:&quot;34958&quot;,&quot;slug&quot;:&quot;default&quot;,&quot;valign&quot;:&quot;bottom&quot;,&quot;ignore&quot;:&quot;&quot;,&quot;reference&quot;:&quot;auto&quot;,&quot;class&quot;:&quot;&quot;,&quot;count&quot;:&quot;0&quot;,&quot;legendonly&quot;:&quot;&quot;,&quot;readonly&quot;:&quot;&quot;,&quot;score&quot;:&quot;0&quot;,&quot;starsonly&quot;:&quot;&quot;,&quot;best&quot;:&quot;0&quot;,&quot;gap&quot;:&quot;1&quot;,&quot;greet&quot;:&quot;Rate this page&quot;,&quot;legend&quot;:&quot;0\\\/0 - (0 votos)&quot;,&quot;size&quot;:&quot;1&quot;,&quot;title&quot;:&quot;Carreras profesionales&quot;,&quot;width&quot;:&quot;0&quot;,&quot;_legend&quot;:&quot;{score}\\\/{best} - ({count} {votes})&quot;,&quot;font_factor&quot;:&quot;1.25&quot;}'>\n            \n<div class=\"kksr-stars\">\n    \n<div class=\"kksr-stars-inactive\">\n    <\/div>\n    \n<div class=\"kksr-stars-active\" style=\"width: 0px;\">\n    <\/div>\n<\/div>\n                \n\n<div class=\"kksr-legend\" style=\"font-size: 0.8px;\">\n            <span class=\"kksr-muted\">Rate this page<\/span>\n    <\/div>\n    <\/div>\n","protected":false},"excerpt":{"rendered":"<p>Nuestras ofertas de empleo Buscamos talentos de todas las procedencias para contribuir a nuestro crecimiento. Tanto si eres un profesional&#8230;<\/p>\n","protected":false},"author":1,"featured_media":0,"parent":0,"menu_order":0,"comment_status":"closed","ping_status":"closed","template":"page-fullwidth.php","meta":{"footnotes":""},"class_list":["post-34958","page","type-page","status-publish"],"yoast_head":"<!-- This site is optimized with the Yoast SEO plugin v27.4 - https:\/\/yoast.com\/product\/yoast-seo-wordpress\/ -->\n<title>Carreras profesionales - M Target<\/title>\n<meta name=\"description\" content=\"Descubra nuestras oportunidades profesionales y \u00fanase a un equipo innovador en el campo de la mensajer\u00eda m\u00f3vil.\" \/>\n<meta name=\"robots\" content=\"index, follow, max-snippet:-1, max-image-preview:large, max-video-preview:-1\" \/>\n<link rel=\"canonical\" href=\"https:\/\/www.m-target.com\/es\/carreras-profesionales\/\" \/>\n<meta property=\"og:locale\" content=\"es_ES\" \/>\n<meta property=\"og:type\" content=\"article\" \/>\n<meta property=\"og:title\" content=\"Carreras profesionales - M Target\" \/>\n<meta property=\"og:description\" content=\"Descubra nuestras oportunidades profesionales y \u00fanase a un equipo innovador en el campo de la mensajer\u00eda m\u00f3vil.\" \/>\n<meta property=\"og:url\" content=\"https:\/\/www.m-target.com\/es\/carreras-profesionales\/\" \/>\n<meta property=\"og:site_name\" content=\"M Target\" \/>\n<meta property=\"article:modified_time\" content=\"2025-03-21T11:05:44+00:00\" \/>\n<meta name=\"twitter:card\" content=\"summary_large_image\" \/>\n<script type=\"application\/ld+json\" class=\"yoast-schema-graph\">{\"@context\":\"https:\\\/\\\/schema.org\",\"@graph\":[{\"@type\":\"WebPage\",\"@id\":\"https:\\\/\\\/www.m-target.com\\\/es\\\/carreras-profesionales\\\/\",\"url\":\"https:\\\/\\\/www.m-target.com\\\/es\\\/carreras-profesionales\\\/\",\"name\":\"Carreras profesionales - M Target\",\"isPartOf\":{\"@id\":\"https:\\\/\\\/www.m-target.com\\\/es\\\/#website\"},\"datePublished\":\"2023-05-03T11:55:04+00:00\",\"dateModified\":\"2025-03-21T11:05:44+00:00\",\"description\":\"Descubra nuestras oportunidades profesionales y \u00fanase a un equipo innovador en el campo de la mensajer\u00eda m\u00f3vil.\",\"breadcrumb\":{\"@id\":\"https:\\\/\\\/www.m-target.com\\\/es\\\/carreras-profesionales\\\/#breadcrumb\"},\"inLanguage\":\"es\",\"potentialAction\":[{\"@type\":\"ReadAction\",\"target\":[\"https:\\\/\\\/www.m-target.com\\\/es\\\/carreras-profesionales\\\/\"]}]},{\"@type\":\"BreadcrumbList\",\"@id\":\"https:\\\/\\\/www.m-target.com\\\/es\\\/carreras-profesionales\\\/#breadcrumb\",\"itemListElement\":[{\"@type\":\"ListItem\",\"position\":1,\"name\":\"Accueil\",\"item\":\"https:\\\/\\\/www.m-target.com\\\/es\\\/\"},{\"@type\":\"ListItem\",\"position\":2,\"name\":\"Carreras profesionales\"}]},{\"@type\":\"WebSite\",\"@id\":\"https:\\\/\\\/www.m-target.com\\\/es\\\/#website\",\"url\":\"https:\\\/\\\/www.m-target.com\\\/es\\\/\",\"name\":\"M Target\",\"description\":\"Vivez l&#039;exp\u00e9rience marketing mobile\",\"publisher\":{\"@id\":\"https:\\\/\\\/www.m-target.com\\\/es\\\/#organization\"},\"potentialAction\":[{\"@type\":\"SearchAction\",\"target\":{\"@type\":\"EntryPoint\",\"urlTemplate\":\"https:\\\/\\\/www.m-target.com\\\/es\\\/?s={search_term_string}\"},\"query-input\":{\"@type\":\"PropertyValueSpecification\",\"valueRequired\":true,\"valueName\":\"search_term_string\"}}],\"inLanguage\":\"es\"},{\"@type\":\"Organization\",\"@id\":\"https:\\\/\\\/www.m-target.com\\\/es\\\/#organization\",\"name\":\"M Target\",\"url\":\"https:\\\/\\\/www.m-target.com\\\/es\\\/\",\"logo\":{\"@type\":\"ImageObject\",\"inLanguage\":\"es\",\"@id\":\"https:\\\/\\\/www.m-target.com\\\/es\\\/#\\\/schema\\\/logo\\\/image\\\/\",\"url\":\"https:\\\/\\\/www.m-target.com\\\/wp-content\\\/uploads\\\/2023\\\/06\\\/Logo-MTarget-2023-typographie.svg\",\"contentUrl\":\"https:\\\/\\\/www.m-target.com\\\/wp-content\\\/uploads\\\/2023\\\/06\\\/Logo-MTarget-2023-typographie.svg\",\"width\":595,\"height\":149,\"caption\":\"M Target\"},\"image\":{\"@id\":\"https:\\\/\\\/www.m-target.com\\\/es\\\/#\\\/schema\\\/logo\\\/image\\\/\"},\"sameAs\":[\"https:\\\/\\\/www.linkedin.com\\\/company\\\/m-target\"]}]}<\/script>\n<!-- \/ Yoast SEO plugin. -->","yoast_head_json":{"title":"Carreras profesionales - M Target","description":"Descubra nuestras oportunidades profesionales y \u00fanase a un equipo innovador en el campo de la mensajer\u00eda m\u00f3vil.","robots":{"index":"index","follow":"follow","max-snippet":"max-snippet:-1","max-image-preview":"max-image-preview:large","max-video-preview":"max-video-preview:-1"},"canonical":"https:\/\/www.m-target.com\/es\/carreras-profesionales\/","og_locale":"es_ES","og_type":"article","og_title":"Carreras profesionales - M Target","og_description":"Descubra nuestras oportunidades profesionales y \u00fanase a un equipo innovador en el campo de la mensajer\u00eda m\u00f3vil.","og_url":"https:\/\/www.m-target.com\/es\/carreras-profesionales\/","og_site_name":"M Target","article_modified_time":"2025-03-21T11:05:44+00:00","twitter_card":"summary_large_image","schema":{"@context":"https:\/\/schema.org","@graph":[{"@type":"WebPage","@id":"https:\/\/www.m-target.com\/es\/carreras-profesionales\/","url":"https:\/\/www.m-target.com\/es\/carreras-profesionales\/","name":"Carreras profesionales - M Target","isPartOf":{"@id":"https:\/\/www.m-target.com\/es\/#website"},"datePublished":"2023-05-03T11:55:04+00:00","dateModified":"2025-03-21T11:05:44+00:00","description":"Descubra nuestras oportunidades profesionales y \u00fanase a un equipo innovador en el campo de la mensajer\u00eda m\u00f3vil.","breadcrumb":{"@id":"https:\/\/www.m-target.com\/es\/carreras-profesionales\/#breadcrumb"},"inLanguage":"es","potentialAction":[{"@type":"ReadAction","target":["https:\/\/www.m-target.com\/es\/carreras-profesionales\/"]}]},{"@type":"BreadcrumbList","@id":"https:\/\/www.m-target.com\/es\/carreras-profesionales\/#breadcrumb","itemListElement":[{"@type":"ListItem","position":1,"name":"Accueil","item":"https:\/\/www.m-target.com\/es\/"},{"@type":"ListItem","position":2,"name":"Carreras profesionales"}]},{"@type":"WebSite","@id":"https:\/\/www.m-target.com\/es\/#website","url":"https:\/\/www.m-target.com\/es\/","name":"M Target","description":"Vivez l&#039;exp\u00e9rience marketing mobile","publisher":{"@id":"https:\/\/www.m-target.com\/es\/#organization"},"potentialAction":[{"@type":"SearchAction","target":{"@type":"EntryPoint","urlTemplate":"https:\/\/www.m-target.com\/es\/?s={search_term_string}"},"query-input":{"@type":"PropertyValueSpecification","valueRequired":true,"valueName":"search_term_string"}}],"inLanguage":"es"},{"@type":"Organization","@id":"https:\/\/www.m-target.com\/es\/#organization","name":"M Target","url":"https:\/\/www.m-target.com\/es\/","logo":{"@type":"ImageObject","inLanguage":"es","@id":"https:\/\/www.m-target.com\/es\/#\/schema\/logo\/image\/","url":"https:\/\/www.m-target.com\/wp-content\/uploads\/2023\/06\/Logo-MTarget-2023-typographie.svg","contentUrl":"https:\/\/www.m-target.com\/wp-content\/uploads\/2023\/06\/Logo-MTarget-2023-typographie.svg","width":595,"height":149,"caption":"M Target"},"image":{"@id":"https:\/\/www.m-target.com\/es\/#\/schema\/logo\/image\/"},"sameAs":["https:\/\/www.linkedin.com\/company\/m-target"]}]}},"_links":{"self":[{"href":"https:\/\/www.m-target.com\/es\/wp-json\/wp\/v2\/pages\/34958","targetHints":{"allow":["GET"]}}],"collection":[{"href":"https:\/\/www.m-target.com\/es\/wp-json\/wp\/v2\/pages"}],"about":[{"href":"https:\/\/www.m-target.com\/es\/wp-json\/wp\/v2\/types\/page"}],"author":[{"embeddable":true,"href":"https:\/\/www.m-target.com\/es\/wp-json\/wp\/v2\/users\/1"}],"replies":[{"embeddable":true,"href":"https:\/\/www.m-target.com\/es\/wp-json\/wp\/v2\/comments?post=34958"}],"version-history":[{"count":5,"href":"https:\/\/www.m-target.com\/es\/wp-json\/wp\/v2\/pages\/34958\/revisions"}],"predecessor-version":[{"id":42706,"href":"https:\/\/www.m-target.com\/es\/wp-json\/wp\/v2\/pages\/34958\/revisions\/42706"}],"wp:attachment":[{"href":"https:\/\/www.m-target.com\/es\/wp-json\/wp\/v2\/media?parent=34958"}],"curies":[{"name":"wp","href":"https:\/\/api.w.org\/{rel}","templated":true}]}}