{"id":35033,"date":"2020-08-12T10:49:19","date_gmt":"2020-08-12T08:49:19","guid":{"rendered":"https:\/\/www.m-target.com\/404-2\/"},"modified":"2025-08-11T13:42:14","modified_gmt":"2025-08-11T11:42:14","slug":"404-2","status":"publish","type":"page","link":"https:\/\/www.m-target.com\/es\/404-2\/","title":{"rendered":"404"},"content":{"rendered":"\t\t<div data-elementor-type=\"wp-page\" data-elementor-id=\"35033\" class=\"elementor elementor-35033 elementor-42\">\n\t\t\t\t\t\t<section class=\"elementor-section elementor-top-section elementor-element elementor-element-3836f289 elementor-section-stretched elementor-section-height-full elementor-section-boxed elementor-section-height-default elementor-section-items-middle\" data-id=\"3836f289\" data-element_type=\"section\" data-e-type=\"section\" data-settings=\"{&quot;stretch_section&quot;:&quot;section-stretched&quot;}\">\r\n\t\t\t\t\t\t<div class=\"elementor-container elementor-column-gap-thegem\"><div class=\"elementor-row\">\r\n\t\t\t\t\t<div class=\"elementor-column elementor-col-100 elementor-top-column elementor-element elementor-element-57af4671\" data-id=\"57af4671\" data-element_type=\"column\" data-e-type=\"column\">\n\t\t\t<div class=\"elementor-widget-wrap elementor-element-populated\">\n\t\t\t\t\t\t<section class=\"elementor-section elementor-inner-section elementor-element elementor-element-494987bf elementor-section-boxed elementor-section-height-default elementor-section-height-default\" data-id=\"494987bf\" data-element_type=\"section\" data-e-type=\"section\">\r\n\t\t\t\t\t\t<div class=\"elementor-container elementor-column-gap-thegem\"><div class=\"elementor-row\">\r\n\t\t\t\t\t<div class=\"elementor-column elementor-col-100 elementor-inner-column elementor-element elementor-element-309d5094\" data-id=\"309d5094\" data-element_type=\"column\" data-e-type=\"column\">\n\t\t\t<div class=\"elementor-widget-wrap elementor-element-populated\">\n\t\t\t\t\t\t<div class=\"elementor-element elementor-element-7a4f4f97 flex-horizontal-align-default flex-horizontal-align-tablet-default flex-horizontal-align-mobile-default flex-vertical-align-default flex-vertical-align-tablet-default flex-vertical-align-mobile-default elementor-widget elementor-widget-heading\" data-id=\"7a4f4f97\" data-element_type=\"widget\" data-e-type=\"widget\" data-widget_type=\"heading.default\">\n\t\t\t\t<div class=\"elementor-widget-container\">\n\t\t\t\t\t<div class=\"title-h1 elementor-heading-title elementor-size-default\">P\u00e1gina no encontrada<\/div>\t\t\t\t<\/div>\n\t\t\t\t<\/div>\n\t\t\t\t<div class=\"elementor-element elementor-element-635d20d flex-horizontal-align-default flex-horizontal-align-tablet-default flex-horizontal-align-mobile-default flex-vertical-align-default flex-vertical-align-tablet-default flex-vertical-align-mobile-default elementor-widget elementor-widget-heading\" data-id=\"635d20d\" data-element_type=\"widget\" data-e-type=\"widget\" data-widget_type=\"heading.default\">\n\t\t\t\t<div class=\"elementor-widget-container\">\n\t\t\t\t\t<div class=\"title-h1 elementor-heading-title elementor-size-default\">P\u00e1gina no encontrada<\/div>\t\t\t\t<\/div>\n\t\t\t\t<\/div>\n\t\t\t\t<div class=\"elementor-element elementor-element-2ba966c8 flex-horizontal-align-default flex-horizontal-align-tablet-default flex-horizontal-align-mobile-default flex-vertical-align-default flex-vertical-align-tablet-default flex-vertical-align-mobile-default elementor-widget elementor-widget-text-editor\" data-id=\"2ba966c8\" data-element_type=\"widget\" data-e-type=\"widget\" data-widget_type=\"text-editor.default\">\n\t\t\t\t<div class=\"elementor-widget-container\">\n\t\t\t\t\t\t\t\t\t\t\t\t<div class=\"elementor-text-editor elementor-clearfix\">\r\n\t\t\t\t\t\t\n          <div class=\"styled-subtitle\">\n            <strong>Lo sentimos, la p\u00e1gina que buscas no existe.<\/strong>\n          <\/div>\n        \t\t\t\t\t\t\t<\/div>\r\n\t\t\t\t\t\t\t\t\t\t<\/div>\n\t\t\t\t<\/div>\n\t\t\t\t<div class=\"elementor-element elementor-element-9ff4d54 flex-horizontal-align-default flex-horizontal-align-tablet-default flex-horizontal-align-mobile-default flex-vertical-align-default flex-vertical-align-tablet-default flex-vertical-align-mobile-default elementor-widget elementor-widget-thegem-styledbutton\" data-id=\"9ff4d54\" data-element_type=\"widget\" data-e-type=\"widget\" data-settings=\"{&quot;effects_enabled&quot;:&quot;yes&quot;,&quot;thegem_button_skin&quot;:&quot;flat&quot;}\" data-widget_type=\"thegem-styledbutton.default\">\n\t\t\t\t<div class=\"elementor-widget-container\">\n\t\t\t\t\t\n<div class=\"gem-button-container gem-widget-button lazy-loading\">\n\n\t\t<a class=\"lazy-loading-item gem-button gem-button-size-medium gem-button-text-weight-bold gem-button-style-flat\" data-ll-effect=\"drop-right-without-wrap\" href=\"https:\/\/www.m-target.com\/es\">\n\t\t<span class=\"gem-inner-wrapper-btn\">\n\t\t\t\t\t\t<span class=\"gem-text-button\">\n\t\t\t\tVolver a la p\u00e1gina de inicio\t\t\t<\/span>\n\t\t<\/span>\n\t<\/a>\n\n\t\n<\/div>\t\t\t\t<\/div>\n\t\t\t\t<\/div>\n\t\t\t\t\t<\/div>\n\t\t<\/div>\n\t\t\t\t\t<\/div><\/div>\r\n\t\t<\/section>\r\n\t\t\t\t\t<\/div>\n\t\t<\/div>\n\t\t\t\t\t<\/div><\/div>\r\n\t\t<\/section>\r\n\t\t\t\t<\/div>\n\t\t\n\n<div class=\"kk-star-ratings kksr-auto kksr-align-right kksr-valign-bottom\"\n    data-payload='{&quot;align&quot;:&quot;right&quot;,&quot;id&quot;:&quot;35033&quot;,&quot;slug&quot;:&quot;default&quot;,&quot;valign&quot;:&quot;bottom&quot;,&quot;ignore&quot;:&quot;&quot;,&quot;reference&quot;:&quot;auto&quot;,&quot;class&quot;:&quot;&quot;,&quot;count&quot;:&quot;0&quot;,&quot;legendonly&quot;:&quot;&quot;,&quot;readonly&quot;:&quot;&quot;,&quot;score&quot;:&quot;0&quot;,&quot;starsonly&quot;:&quot;&quot;,&quot;best&quot;:&quot;0&quot;,&quot;gap&quot;:&quot;1&quot;,&quot;greet&quot;:&quot;Rate this page&quot;,&quot;legend&quot;:&quot;0\\\/0 - (0 votos)&quot;,&quot;size&quot;:&quot;1&quot;,&quot;title&quot;:&quot;404&quot;,&quot;width&quot;:&quot;0&quot;,&quot;_legend&quot;:&quot;{score}\\\/{best} - ({count} {votes})&quot;,&quot;font_factor&quot;:&quot;1.25&quot;}'>\n            \n<div class=\"kksr-stars\">\n    \n<div class=\"kksr-stars-inactive\">\n    <\/div>\n    \n<div class=\"kksr-stars-active\" style=\"width: 0px;\">\n    <\/div>\n<\/div>\n                \n\n<div class=\"kksr-legend\" style=\"font-size: 0.8px;\">\n            <span class=\"kksr-muted\">Rate this page<\/span>\n    <\/div>\n    <\/div>\n","protected":false},"excerpt":{"rendered":"<p>P\u00e1gina no encontrada P\u00e1gina no encontrada Lo sentimos, la p\u00e1gina que buscas no existe. Volver a la p\u00e1gina de inicio<\/p>\n","protected":false},"author":1,"featured_media":0,"parent":0,"menu_order":0,"comment_status":"closed","ping_status":"closed","template":"page-fullwidth.php","meta":{"footnotes":""},"class_list":["post-35033","page","type-page","status-publish"],"yoast_head":"<!-- This site is optimized with the Yoast SEO plugin v27.4 - https:\/\/yoast.com\/product\/yoast-seo-wordpress\/ -->\n<title>404 - M Target<\/title>\n<meta name=\"robots\" content=\"index, follow, max-snippet:-1, max-image-preview:large, max-video-preview:-1\" \/>\n<link rel=\"canonical\" href=\"https:\/\/www.m-target.com\/es\/404-2\/\" \/>\n<meta property=\"og:locale\" content=\"es_ES\" \/>\n<meta property=\"og:type\" content=\"article\" \/>\n<meta property=\"og:title\" content=\"404 - M Target\" \/>\n<meta property=\"og:description\" content=\"P\u00e1gina no encontrada P\u00e1gina no encontrada Lo sentimos, la p\u00e1gina que buscas no existe. Volver a la p\u00e1gina de inicio\" \/>\n<meta property=\"og:url\" content=\"https:\/\/www.m-target.com\/es\/404-2\/\" \/>\n<meta property=\"og:site_name\" content=\"M Target\" \/>\n<meta property=\"article:modified_time\" content=\"2025-08-11T11:42:14+00:00\" \/>\n<meta name=\"twitter:card\" content=\"summary_large_image\" \/>\n<script type=\"application\/ld+json\" class=\"yoast-schema-graph\">{\"@context\":\"https:\\\/\\\/schema.org\",\"@graph\":[{\"@type\":\"WebPage\",\"@id\":\"https:\\\/\\\/www.m-target.com\\\/es\\\/404-2\\\/\",\"url\":\"https:\\\/\\\/www.m-target.com\\\/es\\\/404-2\\\/\",\"name\":\"404 - M Target\",\"isPartOf\":{\"@id\":\"https:\\\/\\\/www.m-target.com\\\/es\\\/#website\"},\"datePublished\":\"2020-08-12T08:49:19+00:00\",\"dateModified\":\"2025-08-11T11:42:14+00:00\",\"breadcrumb\":{\"@id\":\"https:\\\/\\\/www.m-target.com\\\/es\\\/404-2\\\/#breadcrumb\"},\"inLanguage\":\"es\",\"potentialAction\":[{\"@type\":\"ReadAction\",\"target\":[\"https:\\\/\\\/www.m-target.com\\\/es\\\/404-2\\\/\"]}]},{\"@type\":\"BreadcrumbList\",\"@id\":\"https:\\\/\\\/www.m-target.com\\\/es\\\/404-2\\\/#breadcrumb\",\"itemListElement\":[{\"@type\":\"ListItem\",\"position\":1,\"name\":\"Accueil\",\"item\":\"https:\\\/\\\/www.m-target.com\\\/es\\\/\"},{\"@type\":\"ListItem\",\"position\":2,\"name\":\"404\"}]},{\"@type\":\"WebSite\",\"@id\":\"https:\\\/\\\/www.m-target.com\\\/es\\\/#website\",\"url\":\"https:\\\/\\\/www.m-target.com\\\/es\\\/\",\"name\":\"M Target\",\"description\":\"Vivez l&#039;exp\u00e9rience marketing mobile\",\"publisher\":{\"@id\":\"https:\\\/\\\/www.m-target.com\\\/es\\\/#organization\"},\"potentialAction\":[{\"@type\":\"SearchAction\",\"target\":{\"@type\":\"EntryPoint\",\"urlTemplate\":\"https:\\\/\\\/www.m-target.com\\\/es\\\/?s={search_term_string}\"},\"query-input\":{\"@type\":\"PropertyValueSpecification\",\"valueRequired\":true,\"valueName\":\"search_term_string\"}}],\"inLanguage\":\"es\"},{\"@type\":\"Organization\",\"@id\":\"https:\\\/\\\/www.m-target.com\\\/es\\\/#organization\",\"name\":\"M Target\",\"url\":\"https:\\\/\\\/www.m-target.com\\\/es\\\/\",\"logo\":{\"@type\":\"ImageObject\",\"inLanguage\":\"es\",\"@id\":\"https:\\\/\\\/www.m-target.com\\\/es\\\/#\\\/schema\\\/logo\\\/image\\\/\",\"url\":\"https:\\\/\\\/www.m-target.com\\\/wp-content\\\/uploads\\\/2023\\\/06\\\/Logo-MTarget-2023-typographie.svg\",\"contentUrl\":\"https:\\\/\\\/www.m-target.com\\\/wp-content\\\/uploads\\\/2023\\\/06\\\/Logo-MTarget-2023-typographie.svg\",\"width\":595,\"height\":149,\"caption\":\"M Target\"},\"image\":{\"@id\":\"https:\\\/\\\/www.m-target.com\\\/es\\\/#\\\/schema\\\/logo\\\/image\\\/\"},\"sameAs\":[\"https:\\\/\\\/www.linkedin.com\\\/company\\\/m-target\"]}]}<\/script>\n<!-- \/ Yoast SEO plugin. -->","yoast_head_json":{"title":"404 - M Target","robots":{"index":"index","follow":"follow","max-snippet":"max-snippet:-1","max-image-preview":"max-image-preview:large","max-video-preview":"max-video-preview:-1"},"canonical":"https:\/\/www.m-target.com\/es\/404-2\/","og_locale":"es_ES","og_type":"article","og_title":"404 - M Target","og_description":"P\u00e1gina no encontrada P\u00e1gina no encontrada Lo sentimos, la p\u00e1gina que buscas no existe. Volver a la p\u00e1gina de inicio","og_url":"https:\/\/www.m-target.com\/es\/404-2\/","og_site_name":"M Target","article_modified_time":"2025-08-11T11:42:14+00:00","twitter_card":"summary_large_image","schema":{"@context":"https:\/\/schema.org","@graph":[{"@type":"WebPage","@id":"https:\/\/www.m-target.com\/es\/404-2\/","url":"https:\/\/www.m-target.com\/es\/404-2\/","name":"404 - M Target","isPartOf":{"@id":"https:\/\/www.m-target.com\/es\/#website"},"datePublished":"2020-08-12T08:49:19+00:00","dateModified":"2025-08-11T11:42:14+00:00","breadcrumb":{"@id":"https:\/\/www.m-target.com\/es\/404-2\/#breadcrumb"},"inLanguage":"es","potentialAction":[{"@type":"ReadAction","target":["https:\/\/www.m-target.com\/es\/404-2\/"]}]},{"@type":"BreadcrumbList","@id":"https:\/\/www.m-target.com\/es\/404-2\/#breadcrumb","itemListElement":[{"@type":"ListItem","position":1,"name":"Accueil","item":"https:\/\/www.m-target.com\/es\/"},{"@type":"ListItem","position":2,"name":"404"}]},{"@type":"WebSite","@id":"https:\/\/www.m-target.com\/es\/#website","url":"https:\/\/www.m-target.com\/es\/","name":"M Target","description":"Vivez l&#039;exp\u00e9rience marketing mobile","publisher":{"@id":"https:\/\/www.m-target.com\/es\/#organization"},"potentialAction":[{"@type":"SearchAction","target":{"@type":"EntryPoint","urlTemplate":"https:\/\/www.m-target.com\/es\/?s={search_term_string}"},"query-input":{"@type":"PropertyValueSpecification","valueRequired":true,"valueName":"search_term_string"}}],"inLanguage":"es"},{"@type":"Organization","@id":"https:\/\/www.m-target.com\/es\/#organization","name":"M Target","url":"https:\/\/www.m-target.com\/es\/","logo":{"@type":"ImageObject","inLanguage":"es","@id":"https:\/\/www.m-target.com\/es\/#\/schema\/logo\/image\/","url":"https:\/\/www.m-target.com\/wp-content\/uploads\/2023\/06\/Logo-MTarget-2023-typographie.svg","contentUrl":"https:\/\/www.m-target.com\/wp-content\/uploads\/2023\/06\/Logo-MTarget-2023-typographie.svg","width":595,"height":149,"caption":"M Target"},"image":{"@id":"https:\/\/www.m-target.com\/es\/#\/schema\/logo\/image\/"},"sameAs":["https:\/\/www.linkedin.com\/company\/m-target"]}]}},"_links":{"self":[{"href":"https:\/\/www.m-target.com\/es\/wp-json\/wp\/v2\/pages\/35033","targetHints":{"allow":["GET"]}}],"collection":[{"href":"https:\/\/www.m-target.com\/es\/wp-json\/wp\/v2\/pages"}],"about":[{"href":"https:\/\/www.m-target.com\/es\/wp-json\/wp\/v2\/types\/page"}],"author":[{"embeddable":true,"href":"https:\/\/www.m-target.com\/es\/wp-json\/wp\/v2\/users\/1"}],"replies":[{"embeddable":true,"href":"https:\/\/www.m-target.com\/es\/wp-json\/wp\/v2\/comments?post=35033"}],"version-history":[{"count":7,"href":"https:\/\/www.m-target.com\/es\/wp-json\/wp\/v2\/pages\/35033\/revisions"}],"predecessor-version":[{"id":45602,"href":"https:\/\/www.m-target.com\/es\/wp-json\/wp\/v2\/pages\/35033\/revisions\/45602"}],"wp:attachment":[{"href":"https:\/\/www.m-target.com\/es\/wp-json\/wp\/v2\/media?parent=35033"}],"curies":[{"name":"wp","href":"https:\/\/api.w.org\/{rel}","templated":true}]}}