{"id":38774,"date":"2024-08-28T12:32:17","date_gmt":"2024-08-28T10:32:17","guid":{"rendered":"https:\/\/www.m-target.com\/libro-blanco-sobre-los-servicios-de-comunicaciones-enriquecidas\/"},"modified":"2026-04-07T10:56:40","modified_gmt":"2026-04-07T08:56:40","slug":"livre-blanc-rich-communication-services","status":"publish","type":"page","link":"https:\/\/www.m-target.com\/es\/livre-blanc-rich-communication-services\/","title":{"rendered":"Libro Blanco sobre los servicios de comunicaciones enriquecidas"},"content":{"rendered":"\t\t<div data-elementor-type=\"wp-page\" data-elementor-id=\"38774\" class=\"elementor elementor-38774 elementor-37807\">\n\t\t\t\t\t\t<section class=\"elementor-section elementor-top-section elementor-element elementor-element-62af8d9 elementor-section-boxed elementor-section-height-default elementor-section-height-default\" data-id=\"62af8d9\" data-element_type=\"section\" data-e-type=\"section\">\r\n\t\t\t\t\t\t<div class=\"elementor-container elementor-column-gap-default\"><div class=\"elementor-row\">\r\n\t\t\t\t\t<div class=\"elementor-column elementor-col-50 elementor-top-column elementor-element elementor-element-83567c0\" data-id=\"83567c0\" data-element_type=\"column\" data-e-type=\"column\">\n\t\t\t<div class=\"elementor-widget-wrap elementor-element-populated\">\n\t\t\t\t\t\t<div class=\"elementor-element elementor-element-e48c620 flex-horizontal-align-default flex-horizontal-align-tablet-default flex-horizontal-align-mobile-default flex-vertical-align-default flex-vertical-align-tablet-default flex-vertical-align-mobile-default elementor-widget elementor-widget-image\" data-id=\"e48c620\" data-element_type=\"widget\" data-e-type=\"widget\" data-widget_type=\"image.default\">\n\t\t\t\t<div class=\"elementor-widget-container\">\n\t\t\t\t\t\t\t\t\t\t\t\t\t\t\t<img fetchpriority=\"high\" width=\"1024\" height=\"228\" src=\"https:\/\/www.m-target.com\/wp-content\/uploads\/2023\/06\/Logo-MTarget-2023-typographie-1024x228.png\" class=\"attachment-large size-large wp-image-34138\" alt=\"Logo MTarget 2023 typographie\" srcset=\"https:\/\/www.m-target.com\/wp-content\/uploads\/2023\/06\/Logo-MTarget-2023-typographie-1024x228.png 1024w, https:\/\/www.m-target.com\/wp-content\/uploads\/2023\/06\/Logo-MTarget-2023-typographie-300x67.png 300w, https:\/\/www.m-target.com\/wp-content\/uploads\/2023\/06\/Logo-MTarget-2023-typographie-768x171.png 768w, https:\/\/www.m-target.com\/wp-content\/uploads\/2023\/06\/Logo-MTarget-2023-typographie-1536x342.png 1536w, https:\/\/www.m-target.com\/wp-content\/uploads\/2023\/06\/Logo-MTarget-2023-typographie-2048x456.png 2048w\" sizes=\"(max-width: 1024px) 100vw, 1024px\" \/>\t\t\t\t\t\t\t\t\t\t\t\t\t\t\t<\/div>\n\t\t\t\t<\/div>\n\t\t\t\t<div class=\"elementor-element elementor-element-87c159c flex-horizontal-align-default flex-horizontal-align-tablet-default flex-horizontal-align-mobile-default flex-vertical-align-default flex-vertical-align-tablet-default flex-vertical-align-mobile-default elementor-widget elementor-widget-heading\" data-id=\"87c159c\" data-element_type=\"widget\" data-e-type=\"widget\" data-widget_type=\"heading.default\">\n\t\t\t\t<div class=\"elementor-widget-container\">\n\t\t\t\t\t<h1 class=\"light elementor-heading-title elementor-size-default\">Libro blanco<\/h1>\t\t\t\t<\/div>\n\t\t\t\t<\/div>\n\t\t\t\t<div class=\"elementor-element elementor-element-c724654 flex-horizontal-align-default flex-horizontal-align-tablet-default flex-horizontal-align-mobile-default flex-vertical-align-default flex-vertical-align-tablet-default flex-vertical-align-mobile-default elementor-widget elementor-widget-heading\" data-id=\"c724654\" data-element_type=\"widget\" data-e-type=\"widget\" data-widget_type=\"heading.default\">\n\t\t\t\t<div class=\"elementor-widget-container\">\n\t\t\t\t\t<div class=\"title-h3 elementor-heading-title elementor-size-default\">Rich Communication Services :<br>el futuro de la comunicaci\u00f3n m\u00f3vil<\/div>\t\t\t\t<\/div>\n\t\t\t\t<\/div>\n\t\t\t\t<div class=\"elementor-element elementor-element-8b06799 flex-horizontal-align-default flex-horizontal-align-tablet-default flex-horizontal-align-mobile-default flex-vertical-align-default flex-vertical-align-tablet-default flex-vertical-align-mobile-default elementor-widget elementor-widget-text-editor\" data-id=\"8b06799\" data-element_type=\"widget\" data-e-type=\"widget\" data-widget_type=\"text-editor.default\">\n\t\t\t\t<div class=\"elementor-widget-container\">\n\t\t\t\t\t\t\t\t\t\t\t\t<div class=\"elementor-text-editor elementor-clearfix\">\r\n\t\t\t\t\t\t<p>RCS es algo m\u00e1s que una evoluci\u00f3n de los SMS, es una revoluci\u00f3n en las comunicaciones m\u00f3viles, que ofrece funciones interactivas avanzadas que transforman el compromiso del cliente. Al integrar RCS, las empresas pueden beneficiarse de comunicaciones m\u00e1s din\u00e1micas y personalizadas, mejorando la satisfacci\u00f3n del cliente y aumentando la eficacia de las campa\u00f1as de marketing. <\/p><p>En este libro blanco, descubrir\u00e1 :<\/p><ul><li><strong>Conceptos b\u00e1sicos del RCS<\/strong> : \u00bfQu\u00e9 es el RCS y c\u00f3mo funciona?<\/li><li><strong>Ventajas de RCS<\/strong> : \u00bfPor qu\u00e9 integrar RCS en su estrategia de comunicaci\u00f3n?<\/li><li><strong>Pasos para empezar con RCS<\/strong> : c\u00f3mo lanzar sus campa\u00f1as y medir su eficacia.<\/li><li><strong>El futuro del RCS<\/strong> : tendencias futuras y evoluci\u00f3n de esta tecnolog\u00eda.<\/li><\/ul><p><strong>Rellene el formulario para descargar el libro blanco gratuito y empezar a transformar las comunicaciones de su empresa hoy mismo.<\/strong><\/p>\t\t\t\t\t\t\t<\/div>\r\n\t\t\t\t\t\t\t\t\t\t<\/div>\n\t\t\t\t<\/div>\n\t\t\t\t\t<\/div>\n\t\t<\/div>\n\t\t\t\t<div class=\"elementor-column elementor-col-50 elementor-top-column elementor-element elementor-element-16aa04b\" data-id=\"16aa04b\" data-element_type=\"column\" data-e-type=\"column\" data-settings=\"{&quot;background_background&quot;:&quot;classic&quot;}\">\n\t\t\t<div class=\"elementor-widget-wrap elementor-element-populated\">\n\t\t\t\t\t\t<div class=\"elementor-element elementor-element-9f5d8cf flex-horizontal-align-default flex-horizontal-align-tablet-default flex-horizontal-align-mobile-default flex-vertical-align-default flex-vertical-align-tablet-default flex-vertical-align-mobile-default elementor-widget elementor-widget-image\" data-id=\"9f5d8cf\" data-element_type=\"widget\" data-e-type=\"widget\" data-widget_type=\"image.default\">\n\t\t\t\t<div class=\"elementor-widget-container\">\n\t\t\t\t\t\t\t\t\t\t\t\t\t\t\t<img width=\"400\" height=\"478\" src=\"https:\/\/www.m-target.com\/wp-content\/uploads\/2026\/04\/RCS-espana-small.webp\" class=\"attachment-large size-large wp-image-37834\" alt=\"RCS\" srcset=\"https:\/\/www.m-target.com\/wp-content\/uploads\/2026\/04\/RCS-espana-small.webp 400w, https:\/\/www.m-target.com\/wp-content\/uploads\/2026\/04\/RCS-espana-small-251x300.webp 251w\" sizes=\"(max-width: 400px) 100vw, 400px\" \/>\t\t\t\t\t\t\t\t\t\t\t\t\t\t\t<\/div>\n\t\t\t\t<\/div>\n\t\t\t\t<div class=\"elementor-element elementor-element-666c3a1 flex-horizontal-align-default flex-horizontal-align-tablet-default flex-horizontal-align-mobile-default flex-vertical-align-default flex-vertical-align-tablet-default flex-vertical-align-mobile-default elementor-widget elementor-widget-wpml-language-switcher\" data-id=\"666c3a1\" data-element_type=\"widget\" data-e-type=\"widget\" data-widget_type=\"wpml-language-switcher.default\">\n\t\t\t\t<div class=\"elementor-widget-container\">\n\t\t\t\t\t<div class=\"wpml-elementor-ls\">\n<div role=\"navigation\" aria-label=\"Selector de idioma\" class=\"wpml-ls-statics-shortcode_actions wpml-ls wpml-ls-legacy-list-horizontal\">\n\t<ul><li class=\"wpml-ls-slot-shortcode_actions wpml-ls-item wpml-ls-item-fr wpml-ls-first-item wpml-ls-item-legacy-list-horizontal\">\n\t\t\t\t<a href=\"https:\/\/www.m-target.com\/\" hreflang=\"fr\" lang=\"fr\" class=\"wpml-ls-link\" aria-label=\"Cambiar a Franc\u00e9s (Fran\u00e7ais)\" title=\"Cambiar a Franc\u00e9s (Fran\u00e7ais)\">\n\t\t\t\t\t                                    <img\n            class=\"wpml-ls-flag\"\n            src=\"https:\/\/www.m-target.com\/wp-content\/plugins\/sitepress-multilingual-cms\/res\/flags\/fr.svg\"\n            alt=\"\"\n            loading=\"lazy\"\n            width=18\n            height=12\n    \/><span class=\"wpml-ls-native\">Fran\u00e7ais<\/span><span class=\"wpml-ls-display\"><span class=\"wpml-ls-bracket\"> (<\/span>Franc\u00e9s<span class=\"wpml-ls-bracket\">)<\/span><\/span><\/a>\n\t\t\t<\/li><li class=\"wpml-ls-slot-shortcode_actions wpml-ls-item wpml-ls-item-es wpml-ls-current-language wpml-ls-item-legacy-list-horizontal\">\n\t\t\t\t<a href=\"https:\/\/www.m-target.com\/es\/\" hreflang=\"es\" lang=\"es\" class=\"wpml-ls-link\" aria-current=\"page\" aria-label=\"Cambiar a Espa\u00f1ol (Espa\u00f1ol)\" title=\"Cambiar a Espa\u00f1ol (Espa\u00f1ol)\">\n\t\t\t\t\t                                    <img\n            class=\"wpml-ls-flag\"\n            src=\"https:\/\/www.m-target.com\/wp-content\/plugins\/sitepress-multilingual-cms\/res\/flags\/es.svg\"\n            alt=\"\"\n            loading=\"lazy\"\n            width=18\n            height=12\n    \/><span class=\"wpml-ls-native\">Espa\u00f1ol<\/span><\/a>\n\t\t\t<\/li><li class=\"wpml-ls-slot-shortcode_actions wpml-ls-item wpml-ls-item-en wpml-ls-last-item wpml-ls-item-legacy-list-horizontal\">\n\t\t\t\t<a href=\"https:\/\/www.m-target.com\/en\/\" hreflang=\"en\" lang=\"en\" class=\"wpml-ls-link\" aria-label=\"Cambiar a Ingl\u00e9s (English)\" title=\"Cambiar a Ingl\u00e9s (English)\">\n\t\t\t\t\t                                    <img\n            class=\"wpml-ls-flag\"\n            src=\"https:\/\/www.m-target.com\/wp-content\/plugins\/sitepress-multilingual-cms\/res\/flags\/en.svg\"\n            alt=\"\"\n            loading=\"lazy\"\n            width=18\n            height=12\n    \/><span class=\"wpml-ls-native\">English<\/span><span class=\"wpml-ls-display\"><span class=\"wpml-ls-bracket\"> (<\/span>Ingl\u00e9s<span class=\"wpml-ls-bracket\">)<\/span><\/span><\/a>\n\t\t\t<\/li><\/ul>\n<\/div>\n<\/div>\t\t\t\t<\/div>\n\t\t\t\t<\/div>\n\t\t\t\t<div class=\"elementor-element elementor-element-048b2b2 flex-horizontal-align-default flex-horizontal-align-tablet-default flex-horizontal-align-mobile-default flex-vertical-align-default flex-vertical-align-tablet-default flex-vertical-align-mobile-default elementor-widget elementor-widget-html\" data-id=\"048b2b2\" data-element_type=\"widget\" data-e-type=\"widget\" data-widget_type=\"html.default\">\n\t\t\t\t<div class=\"elementor-widget-container\">\n\t\t\t\t\t<div class=\"pipedriveWebForms\" data-pd-webforms=\"https:\/\/webforms.pipedrive.com\/f\/2XhM1c0GbZ2GnnwbW8N5tV8ArwUNHt5KogWjLOmSEcvQLxL5fx1CrqFQkgCg8m6NJ\"><script src=\"https:\/\/webforms.pipedrive.com\/f\/loader\"><\/script><\/div>\t\t\t\t<\/div>\n\t\t\t\t<\/div>\n\t\t\t\t\t<\/div>\n\t\t<\/div>\n\t\t\t\t\t<\/div><\/div>\r\n\t\t<\/section>\r\n\t\t\t\t<\/div>\n\t\t\n\n<div class=\"kk-star-ratings kksr-auto kksr-align-right kksr-valign-bottom\"\n    data-payload='{&quot;align&quot;:&quot;right&quot;,&quot;id&quot;:&quot;38774&quot;,&quot;slug&quot;:&quot;default&quot;,&quot;valign&quot;:&quot;bottom&quot;,&quot;ignore&quot;:&quot;&quot;,&quot;reference&quot;:&quot;auto&quot;,&quot;class&quot;:&quot;&quot;,&quot;count&quot;:&quot;0&quot;,&quot;legendonly&quot;:&quot;&quot;,&quot;readonly&quot;:&quot;&quot;,&quot;score&quot;:&quot;0&quot;,&quot;starsonly&quot;:&quot;&quot;,&quot;best&quot;:&quot;0&quot;,&quot;gap&quot;:&quot;1&quot;,&quot;greet&quot;:&quot;Rate this page&quot;,&quot;legend&quot;:&quot;0\\\/0 - (0 votos)&quot;,&quot;size&quot;:&quot;1&quot;,&quot;title&quot;:&quot;Libro Blanco sobre los servicios de comunicaciones enriquecidas&quot;,&quot;width&quot;:&quot;0&quot;,&quot;_legend&quot;:&quot;{score}\\\/{best} - ({count} {votes})&quot;,&quot;font_factor&quot;:&quot;1.25&quot;}'>\n            \n<div class=\"kksr-stars\">\n    \n<div class=\"kksr-stars-inactive\">\n    <\/div>\n    \n<div class=\"kksr-stars-active\" style=\"width: 0px;\">\n    <\/div>\n<\/div>\n                \n\n<div class=\"kksr-legend\" style=\"font-size: 0.8px;\">\n            <span class=\"kksr-muted\">Rate this page<\/span>\n    <\/div>\n    <\/div>\n","protected":false},"excerpt":{"rendered":"<p>Libro blanco Rich Communication Services :el futuro de la comunicaci\u00f3n m\u00f3vil RCS es algo m\u00e1s que una evoluci\u00f3n de los&#8230;<\/p>\n","protected":false},"author":1,"featured_media":0,"parent":0,"menu_order":0,"comment_status":"closed","ping_status":"closed","template":"page-fullwidth.php","meta":{"footnotes":""},"class_list":["post-38774","page","type-page","status-publish"],"yoast_head":"<!-- This site is optimized with the Yoast SEO plugin v27.3 - https:\/\/yoast.com\/product\/yoast-seo-wordpress\/ -->\n<title>Libro Blanco sobre los servicios de comunicaciones enriquecidas - M Target<\/title>\n<meta name=\"description\" content=\"Descubra c\u00f3mo RCS puede transformar la estrategia de marketing de su empresa. Descargue nuestro libro blanco gratuito.\" \/>\n<meta name=\"robots\" content=\"index, follow, max-snippet:-1, max-image-preview:large, max-video-preview:-1\" \/>\n<link rel=\"canonical\" href=\"https:\/\/www.m-target.com\/es\/livre-blanc-rich-communication-services\/\" \/>\n<meta property=\"og:locale\" content=\"es_ES\" \/>\n<meta property=\"og:type\" content=\"article\" \/>\n<meta property=\"og:title\" content=\"Libro Blanco sobre los servicios de comunicaciones enriquecidas - M Target\" \/>\n<meta property=\"og:description\" content=\"Descubra c\u00f3mo RCS puede transformar la estrategia de marketing de su empresa. Descargue nuestro libro blanco gratuito.\" \/>\n<meta property=\"og:url\" content=\"https:\/\/www.m-target.com\/es\/livre-blanc-rich-communication-services\/\" \/>\n<meta property=\"og:site_name\" content=\"M Target\" \/>\n<meta property=\"article:modified_time\" content=\"2026-04-07T08:56:40+00:00\" \/>\n<meta property=\"og:image\" content=\"https:\/\/www.m-target.com\/wp-content\/uploads\/2023\/06\/Logo-MTarget-2023-typographie.png\" \/>\n\t<meta property=\"og:image:width\" content=\"2417\" \/>\n\t<meta property=\"og:image:height\" content=\"538\" \/>\n\t<meta property=\"og:image:type\" content=\"image\/png\" \/>\n<meta name=\"twitter:card\" content=\"summary_large_image\" \/>\n<script type=\"application\/ld+json\" class=\"yoast-schema-graph\">{\"@context\":\"https:\\\/\\\/schema.org\",\"@graph\":[{\"@type\":\"WebPage\",\"@id\":\"https:\\\/\\\/www.m-target.com\\\/es\\\/livre-blanc-rich-communication-services\\\/\",\"url\":\"https:\\\/\\\/www.m-target.com\\\/es\\\/livre-blanc-rich-communication-services\\\/\",\"name\":\"Libro Blanco sobre los servicios de comunicaciones enriquecidas - M Target\",\"isPartOf\":{\"@id\":\"https:\\\/\\\/www.m-target.com\\\/es\\\/#website\"},\"primaryImageOfPage\":{\"@id\":\"https:\\\/\\\/www.m-target.com\\\/es\\\/livre-blanc-rich-communication-services\\\/#primaryimage\"},\"image\":{\"@id\":\"https:\\\/\\\/www.m-target.com\\\/es\\\/livre-blanc-rich-communication-services\\\/#primaryimage\"},\"thumbnailUrl\":\"https:\\\/\\\/www.m-target.com\\\/wp-content\\\/uploads\\\/2023\\\/06\\\/Logo-MTarget-2023-typographie-1024x228.png\",\"datePublished\":\"2024-08-28T10:32:17+00:00\",\"dateModified\":\"2026-04-07T08:56:40+00:00\",\"description\":\"Descubra c\u00f3mo RCS puede transformar la estrategia de marketing de su empresa. Descargue nuestro libro blanco gratuito.\",\"breadcrumb\":{\"@id\":\"https:\\\/\\\/www.m-target.com\\\/es\\\/livre-blanc-rich-communication-services\\\/#breadcrumb\"},\"inLanguage\":\"es\",\"potentialAction\":[{\"@type\":\"ReadAction\",\"target\":[\"https:\\\/\\\/www.m-target.com\\\/es\\\/livre-blanc-rich-communication-services\\\/\"]}]},{\"@type\":\"ImageObject\",\"inLanguage\":\"es\",\"@id\":\"https:\\\/\\\/www.m-target.com\\\/es\\\/livre-blanc-rich-communication-services\\\/#primaryimage\",\"url\":\"https:\\\/\\\/www.m-target.com\\\/wp-content\\\/uploads\\\/2023\\\/06\\\/Logo-MTarget-2023-typographie-1024x228.png\",\"contentUrl\":\"https:\\\/\\\/www.m-target.com\\\/wp-content\\\/uploads\\\/2023\\\/06\\\/Logo-MTarget-2023-typographie-1024x228.png\"},{\"@type\":\"BreadcrumbList\",\"@id\":\"https:\\\/\\\/www.m-target.com\\\/es\\\/livre-blanc-rich-communication-services\\\/#breadcrumb\",\"itemListElement\":[{\"@type\":\"ListItem\",\"position\":1,\"name\":\"Accueil\",\"item\":\"https:\\\/\\\/www.m-target.com\\\/es\\\/\"},{\"@type\":\"ListItem\",\"position\":2,\"name\":\"Libro Blanco sobre los servicios de comunicaciones enriquecidas\"}]},{\"@type\":\"WebSite\",\"@id\":\"https:\\\/\\\/www.m-target.com\\\/es\\\/#website\",\"url\":\"https:\\\/\\\/www.m-target.com\\\/es\\\/\",\"name\":\"M Target\",\"description\":\"Vivez l&#039;exp\u00e9rience marketing mobile\",\"publisher\":{\"@id\":\"https:\\\/\\\/www.m-target.com\\\/es\\\/#organization\"},\"potentialAction\":[{\"@type\":\"SearchAction\",\"target\":{\"@type\":\"EntryPoint\",\"urlTemplate\":\"https:\\\/\\\/www.m-target.com\\\/es\\\/?s={search_term_string}\"},\"query-input\":{\"@type\":\"PropertyValueSpecification\",\"valueRequired\":true,\"valueName\":\"search_term_string\"}}],\"inLanguage\":\"es\"},{\"@type\":\"Organization\",\"@id\":\"https:\\\/\\\/www.m-target.com\\\/es\\\/#organization\",\"name\":\"M Target\",\"url\":\"https:\\\/\\\/www.m-target.com\\\/es\\\/\",\"logo\":{\"@type\":\"ImageObject\",\"inLanguage\":\"es\",\"@id\":\"https:\\\/\\\/www.m-target.com\\\/es\\\/#\\\/schema\\\/logo\\\/image\\\/\",\"url\":\"https:\\\/\\\/www.m-target.com\\\/wp-content\\\/uploads\\\/2023\\\/06\\\/Logo-MTarget-2023-typographie.svg\",\"contentUrl\":\"https:\\\/\\\/www.m-target.com\\\/wp-content\\\/uploads\\\/2023\\\/06\\\/Logo-MTarget-2023-typographie.svg\",\"width\":595,\"height\":149,\"caption\":\"M Target\"},\"image\":{\"@id\":\"https:\\\/\\\/www.m-target.com\\\/es\\\/#\\\/schema\\\/logo\\\/image\\\/\"},\"sameAs\":[\"https:\\\/\\\/www.linkedin.com\\\/company\\\/m-target\"]}]}<\/script>\n<!-- \/ Yoast SEO plugin. -->","yoast_head_json":{"title":"Libro Blanco sobre los servicios de comunicaciones enriquecidas - M Target","description":"Descubra c\u00f3mo RCS puede transformar la estrategia de marketing de su empresa. Descargue nuestro libro blanco gratuito.","robots":{"index":"index","follow":"follow","max-snippet":"max-snippet:-1","max-image-preview":"max-image-preview:large","max-video-preview":"max-video-preview:-1"},"canonical":"https:\/\/www.m-target.com\/es\/livre-blanc-rich-communication-services\/","og_locale":"es_ES","og_type":"article","og_title":"Libro Blanco sobre los servicios de comunicaciones enriquecidas - M Target","og_description":"Descubra c\u00f3mo RCS puede transformar la estrategia de marketing de su empresa. Descargue nuestro libro blanco gratuito.","og_url":"https:\/\/www.m-target.com\/es\/livre-blanc-rich-communication-services\/","og_site_name":"M Target","article_modified_time":"2026-04-07T08:56:40+00:00","og_image":[{"width":2417,"height":538,"url":"https:\/\/www.m-target.com\/wp-content\/uploads\/2023\/06\/Logo-MTarget-2023-typographie.png","type":"image\/png"}],"twitter_card":"summary_large_image","schema":{"@context":"https:\/\/schema.org","@graph":[{"@type":"WebPage","@id":"https:\/\/www.m-target.com\/es\/livre-blanc-rich-communication-services\/","url":"https:\/\/www.m-target.com\/es\/livre-blanc-rich-communication-services\/","name":"Libro Blanco sobre los servicios de comunicaciones enriquecidas - M Target","isPartOf":{"@id":"https:\/\/www.m-target.com\/es\/#website"},"primaryImageOfPage":{"@id":"https:\/\/www.m-target.com\/es\/livre-blanc-rich-communication-services\/#primaryimage"},"image":{"@id":"https:\/\/www.m-target.com\/es\/livre-blanc-rich-communication-services\/#primaryimage"},"thumbnailUrl":"https:\/\/www.m-target.com\/wp-content\/uploads\/2023\/06\/Logo-MTarget-2023-typographie-1024x228.png","datePublished":"2024-08-28T10:32:17+00:00","dateModified":"2026-04-07T08:56:40+00:00","description":"Descubra c\u00f3mo RCS puede transformar la estrategia de marketing de su empresa. Descargue nuestro libro blanco gratuito.","breadcrumb":{"@id":"https:\/\/www.m-target.com\/es\/livre-blanc-rich-communication-services\/#breadcrumb"},"inLanguage":"es","potentialAction":[{"@type":"ReadAction","target":["https:\/\/www.m-target.com\/es\/livre-blanc-rich-communication-services\/"]}]},{"@type":"ImageObject","inLanguage":"es","@id":"https:\/\/www.m-target.com\/es\/livre-blanc-rich-communication-services\/#primaryimage","url":"https:\/\/www.m-target.com\/wp-content\/uploads\/2023\/06\/Logo-MTarget-2023-typographie-1024x228.png","contentUrl":"https:\/\/www.m-target.com\/wp-content\/uploads\/2023\/06\/Logo-MTarget-2023-typographie-1024x228.png"},{"@type":"BreadcrumbList","@id":"https:\/\/www.m-target.com\/es\/livre-blanc-rich-communication-services\/#breadcrumb","itemListElement":[{"@type":"ListItem","position":1,"name":"Accueil","item":"https:\/\/www.m-target.com\/es\/"},{"@type":"ListItem","position":2,"name":"Libro Blanco sobre los servicios de comunicaciones enriquecidas"}]},{"@type":"WebSite","@id":"https:\/\/www.m-target.com\/es\/#website","url":"https:\/\/www.m-target.com\/es\/","name":"M Target","description":"Vivez l&#039;exp\u00e9rience marketing mobile","publisher":{"@id":"https:\/\/www.m-target.com\/es\/#organization"},"potentialAction":[{"@type":"SearchAction","target":{"@type":"EntryPoint","urlTemplate":"https:\/\/www.m-target.com\/es\/?s={search_term_string}"},"query-input":{"@type":"PropertyValueSpecification","valueRequired":true,"valueName":"search_term_string"}}],"inLanguage":"es"},{"@type":"Organization","@id":"https:\/\/www.m-target.com\/es\/#organization","name":"M Target","url":"https:\/\/www.m-target.com\/es\/","logo":{"@type":"ImageObject","inLanguage":"es","@id":"https:\/\/www.m-target.com\/es\/#\/schema\/logo\/image\/","url":"https:\/\/www.m-target.com\/wp-content\/uploads\/2023\/06\/Logo-MTarget-2023-typographie.svg","contentUrl":"https:\/\/www.m-target.com\/wp-content\/uploads\/2023\/06\/Logo-MTarget-2023-typographie.svg","width":595,"height":149,"caption":"M Target"},"image":{"@id":"https:\/\/www.m-target.com\/es\/#\/schema\/logo\/image\/"},"sameAs":["https:\/\/www.linkedin.com\/company\/m-target"]}]}},"_links":{"self":[{"href":"https:\/\/www.m-target.com\/es\/wp-json\/wp\/v2\/pages\/38774","targetHints":{"allow":["GET"]}}],"collection":[{"href":"https:\/\/www.m-target.com\/es\/wp-json\/wp\/v2\/pages"}],"about":[{"href":"https:\/\/www.m-target.com\/es\/wp-json\/wp\/v2\/types\/page"}],"author":[{"embeddable":true,"href":"https:\/\/www.m-target.com\/es\/wp-json\/wp\/v2\/users\/1"}],"replies":[{"embeddable":true,"href":"https:\/\/www.m-target.com\/es\/wp-json\/wp\/v2\/comments?post=38774"}],"version-history":[{"count":14,"href":"https:\/\/www.m-target.com\/es\/wp-json\/wp\/v2\/pages\/38774\/revisions"}],"predecessor-version":[{"id":48015,"href":"https:\/\/www.m-target.com\/es\/wp-json\/wp\/v2\/pages\/38774\/revisions\/48015"}],"wp:attachment":[{"href":"https:\/\/www.m-target.com\/es\/wp-json\/wp\/v2\/media?parent=38774"}],"curies":[{"name":"wp","href":"https:\/\/api.w.org\/{rel}","templated":true}]}}