{"id":41660,"date":"2025-01-30T12:05:39","date_gmt":"2025-01-30T11:05:39","guid":{"rendered":"https:\/\/www.m-target.com\/guia-whatsapp-business-api\/"},"modified":"2025-03-21T12:49:42","modified_gmt":"2025-03-21T11:49:42","slug":"guia-whatsapp-business-api","status":"publish","type":"page","link":"https:\/\/www.m-target.com\/es\/guia-whatsapp-business-api\/","title":{"rendered":"Gu\u00eda de la API de WhatsApp Business"},"content":{"rendered":"\t\t<div data-elementor-type=\"wp-page\" data-elementor-id=\"41660\" class=\"elementor elementor-41660 elementor-41645\">\n\t\t\t\t\t\t<section class=\"elementor-section elementor-top-section elementor-element elementor-element-b1c2300 elementor-section-boxed elementor-section-height-default elementor-section-height-default\" data-id=\"b1c2300\" data-element_type=\"section\" data-e-type=\"section\">\r\n\t\t\t\t\t\t<div class=\"elementor-container elementor-column-gap-default\"><div class=\"elementor-row\">\r\n\t\t\t\t\t<div class=\"elementor-column elementor-col-50 elementor-top-column elementor-element elementor-element-0b413ac\" data-id=\"0b413ac\" data-element_type=\"column\" data-e-type=\"column\">\n\t\t\t<div class=\"elementor-widget-wrap elementor-element-populated\">\n\t\t\t\t\t\t<div class=\"elementor-element elementor-element-e66b30b flex-horizontal-align-default flex-horizontal-align-tablet-default flex-horizontal-align-mobile-default flex-vertical-align-default flex-vertical-align-tablet-default flex-vertical-align-mobile-default elementor-widget elementor-widget-image\" data-id=\"e66b30b\" data-element_type=\"widget\" data-e-type=\"widget\" data-widget_type=\"image.default\">\n\t\t\t\t<div class=\"elementor-widget-container\">\n\t\t\t\t\t\t\t\t\t\t\t\t\t\t\t<img fetchpriority=\"high\" width=\"1024\" height=\"228\" src=\"https:\/\/www.m-target.com\/wp-content\/uploads\/2023\/06\/Logo-MTarget-2023-typographie-1024x228.png\" class=\"attachment-large size-large wp-image-34138\" alt=\"Logo MTarget 2023 typographie\" srcset=\"https:\/\/www.m-target.com\/wp-content\/uploads\/2023\/06\/Logo-MTarget-2023-typographie-1024x228.png 1024w, https:\/\/www.m-target.com\/wp-content\/uploads\/2023\/06\/Logo-MTarget-2023-typographie-300x67.png 300w, https:\/\/www.m-target.com\/wp-content\/uploads\/2023\/06\/Logo-MTarget-2023-typographie-768x171.png 768w, https:\/\/www.m-target.com\/wp-content\/uploads\/2023\/06\/Logo-MTarget-2023-typographie-1536x342.png 1536w, https:\/\/www.m-target.com\/wp-content\/uploads\/2023\/06\/Logo-MTarget-2023-typographie-2048x456.png 2048w\" sizes=\"(max-width: 1024px) 100vw, 1024px\" \/>\t\t\t\t\t\t\t\t\t\t\t\t\t\t\t<\/div>\n\t\t\t\t<\/div>\n\t\t\t\t<div class=\"elementor-element elementor-element-2a43078 flex-horizontal-align-default flex-horizontal-align-tablet-default flex-horizontal-align-mobile-default flex-vertical-align-default flex-vertical-align-tablet-default flex-vertical-align-mobile-default elementor-widget elementor-widget-heading\" data-id=\"2a43078\" data-element_type=\"widget\" data-e-type=\"widget\" data-widget_type=\"heading.default\">\n\t\t\t\t<div class=\"elementor-widget-container\">\n\t\t\t\t\t<h1 class=\"light elementor-heading-title elementor-size-default\">Gu\u00eda<\/h1>\t\t\t\t<\/div>\n\t\t\t\t<\/div>\n\t\t\t\t<div class=\"elementor-element elementor-element-2561e7d flex-horizontal-align-default flex-horizontal-align-tablet-default flex-horizontal-align-mobile-default flex-vertical-align-default flex-vertical-align-tablet-default flex-vertical-align-mobile-default elementor-widget elementor-widget-heading\" data-id=\"2561e7d\" data-element_type=\"widget\" data-e-type=\"widget\" data-widget_type=\"heading.default\">\n\t\t\t\t<div class=\"elementor-widget-container\">\n\t\t\t\t\t<h2 class=\"elementor-heading-title elementor-size-default\">API de WhatsApp Business<\/h2>\t\t\t\t<\/div>\n\t\t\t\t<\/div>\n\t\t\t\t<div class=\"elementor-element elementor-element-cd46278 flex-horizontal-align-default flex-horizontal-align-tablet-default flex-horizontal-align-mobile-default flex-vertical-align-default flex-vertical-align-tablet-default flex-vertical-align-mobile-default elementor-widget elementor-widget-text-editor\" data-id=\"cd46278\" data-element_type=\"widget\" data-e-type=\"widget\" data-widget_type=\"text-editor.default\">\n\t\t\t\t<div class=\"elementor-widget-container\">\n\t\t\t\t\t\t\t\t\t\t\t\t<div class=\"elementor-text-editor elementor-clearfix\">\r\n\t\t\t\t\t\t<p>\u2705 Descubre las <strong>funciones<\/strong> esenciales de la API de WhatsApp Business<br>\u2705 Aprende a <strong>enviar mensajes automatizados<\/strong> y personalizados<br>\u2705 Comprende <strong>los tipos de mensajes, los precios y c\u00f3mo funcionan las sesiones<\/strong><br>\u2705 <strong>Optimiza las interacciones con tus clientes<\/strong> e impulsa el rendimiento de tus ventas<\/p>\t\t\t\t\t\t\t<\/div>\r\n\t\t\t\t\t\t\t\t\t\t<\/div>\n\t\t\t\t<\/div>\n\t\t\t\t<div class=\"elementor-element elementor-element-908393c elementor-widget-divider--view-line flex-horizontal-align-default flex-horizontal-align-tablet-default flex-horizontal-align-mobile-default flex-vertical-align-default flex-vertical-align-tablet-default flex-vertical-align-mobile-default elementor-widget elementor-widget-divider\" data-id=\"908393c\" data-element_type=\"widget\" data-e-type=\"widget\" data-widget_type=\"divider.default\">\n\t\t\t\t<div class=\"elementor-widget-container\">\n\t\t\t\t\t\t\t<div class=\"elementor-divider\">\n\t\t\t<span class=\"elementor-divider-separator\">\n\t\t\t\t\t\t<\/span>\n\t\t<\/div>\n\t\t\t\t\t\t<\/div>\n\t\t\t\t<\/div>\n\t\t\t\t<div class=\"elementor-element elementor-element-6277158 flex-horizontal-align-default flex-horizontal-align-tablet-default flex-horizontal-align-mobile-default flex-vertical-align-default flex-vertical-align-tablet-default flex-vertical-align-mobile-default elementor-widget elementor-widget-text-editor\" data-id=\"6277158\" data-element_type=\"widget\" data-e-type=\"widget\" data-widget_type=\"text-editor.default\">\n\t\t\t\t<div class=\"elementor-widget-container\">\n\t\t\t\t\t\t\t\t\t\t\t\t<div class=\"elementor-text-editor elementor-clearfix\">\r\n\t\t\t\t\t\t<p><strong>\u00bfPor qu\u00e9 es esencial esta gu\u00eda?<\/strong><\/p><p>La API de WhatsApp Business es una soluci\u00f3n imprescindible para las empresas que quieren mejorar la comunicaci\u00f3n con sus clientes. Con m\u00e1s de <strong>2.000 millones de usuarios activos<\/strong>, WhatsApp es el canal ideal para :<br>\ud83d\ude80<br>\ud83d\udce9<br>\ud83d\udd12 Aumentar el compromiso de tu audiencia Asegurar una alta tasa de apertura y respuesta Proteger tus intercambios gracias a la encriptaci\u00f3n <\/p><p><strong>\u00a1No pierdas esta oportunidad!<\/strong>  Descarga tu gu\u00eda gratuita y descubre c\u00f3mo aprovechar la API de WhatsApp Business hoy mismo.<\/p>\t\t\t\t\t\t\t<\/div>\r\n\t\t\t\t\t\t\t\t\t\t<\/div>\n\t\t\t\t<\/div>\n\t\t\t\t\t<\/div>\n\t\t<\/div>\n\t\t\t\t<div class=\"elementor-column elementor-col-50 elementor-top-column elementor-element elementor-element-2ced1b8\" data-id=\"2ced1b8\" data-element_type=\"column\" data-e-type=\"column\">\n\t\t\t<div class=\"elementor-widget-wrap elementor-element-populated\">\n\t\t\t\t\t\t<div class=\"elementor-element elementor-element-971f34e flex-horizontal-align-default flex-horizontal-align-tablet-default flex-horizontal-align-mobile-default flex-vertical-align-default flex-vertical-align-tablet-default flex-vertical-align-mobile-default elementor-widget elementor-widget-image\" data-id=\"971f34e\" data-element_type=\"widget\" data-e-type=\"widget\" data-widget_type=\"image.default\">\n\t\t\t\t<div class=\"elementor-widget-container\">\n\t\t\t\t\t\t\t\t\t\t\t\t\t\t\t<img width=\"830\" height=\"1024\" src=\"https:\/\/www.m-target.com\/wp-content\/uploads\/2025\/01\/Guide-whatsapp-api-830x1024.webp\" class=\"attachment-large size-large wp-image-41650\" alt=\"Guide whatsapp api\" srcset=\"https:\/\/www.m-target.com\/wp-content\/uploads\/2025\/01\/Guide-whatsapp-api-830x1024.webp 830w, https:\/\/www.m-target.com\/wp-content\/uploads\/2025\/01\/Guide-whatsapp-api-243x300.webp 243w, https:\/\/www.m-target.com\/wp-content\/uploads\/2025\/01\/Guide-whatsapp-api-768x947.webp 768w, https:\/\/www.m-target.com\/wp-content\/uploads\/2025\/01\/Guide-whatsapp-api.webp 1080w\" sizes=\"(max-width: 830px) 100vw, 830px\" \/>\t\t\t\t\t\t\t\t\t\t\t\t\t\t\t<\/div>\n\t\t\t\t<\/div>\n\t\t\t\t<div class=\"elementor-element elementor-element-49b42de flex-horizontal-align-default flex-horizontal-align-tablet-default flex-horizontal-align-mobile-default flex-vertical-align-default flex-vertical-align-tablet-default flex-vertical-align-mobile-default elementor-widget elementor-widget-wpml-language-switcher\" data-id=\"49b42de\" data-element_type=\"widget\" data-e-type=\"widget\" data-widget_type=\"wpml-language-switcher.default\">\n\t\t\t\t<div class=\"elementor-widget-container\">\n\t\t\t\t\t<div class=\"wpml-elementor-ls\">\n<div role=\"navigation\" aria-label=\"Selector de idioma\" class=\"wpml-ls-statics-shortcode_actions wpml-ls wpml-ls-legacy-list-horizontal\">\n\t<ul><li class=\"wpml-ls-slot-shortcode_actions wpml-ls-item wpml-ls-item-fr wpml-ls-first-item wpml-ls-item-legacy-list-horizontal\">\n\t\t\t\t<a href=\"https:\/\/www.m-target.com\/\" hreflang=\"fr\" lang=\"fr\" class=\"wpml-ls-link\" aria-label=\"Cambiar a Franc\u00e9s (Fran\u00e7ais)\" title=\"Cambiar a Franc\u00e9s (Fran\u00e7ais)\">\n\t\t\t\t\t                                    <img\n            class=\"wpml-ls-flag\"\n            src=\"https:\/\/www.m-target.com\/wp-content\/plugins\/sitepress-multilingual-cms\/res\/flags\/fr.svg\"\n            alt=\"\"\n            loading=\"lazy\"\n            width=18\n            height=12\n    \/><span class=\"wpml-ls-native\">Fran\u00e7ais<\/span><span class=\"wpml-ls-display\"><span class=\"wpml-ls-bracket\"> (<\/span>Franc\u00e9s<span class=\"wpml-ls-bracket\">)<\/span><\/span><\/a>\n\t\t\t<\/li><li class=\"wpml-ls-slot-shortcode_actions wpml-ls-item wpml-ls-item-es wpml-ls-current-language wpml-ls-item-legacy-list-horizontal\">\n\t\t\t\t<a href=\"https:\/\/www.m-target.com\/es\/\" hreflang=\"es\" lang=\"es\" class=\"wpml-ls-link\" aria-current=\"page\" aria-label=\"Cambiar a Espa\u00f1ol (Espa\u00f1ol)\" title=\"Cambiar a Espa\u00f1ol (Espa\u00f1ol)\">\n\t\t\t\t\t                                    <img\n            class=\"wpml-ls-flag\"\n            src=\"https:\/\/www.m-target.com\/wp-content\/plugins\/sitepress-multilingual-cms\/res\/flags\/es.svg\"\n            alt=\"\"\n            loading=\"lazy\"\n            width=18\n            height=12\n    \/><span class=\"wpml-ls-native\">Espa\u00f1ol<\/span><\/a>\n\t\t\t<\/li><li class=\"wpml-ls-slot-shortcode_actions wpml-ls-item wpml-ls-item-en wpml-ls-last-item wpml-ls-item-legacy-list-horizontal\">\n\t\t\t\t<a href=\"https:\/\/www.m-target.com\/en\/\" hreflang=\"en\" lang=\"en\" class=\"wpml-ls-link\" aria-label=\"Cambiar a Ingl\u00e9s (English)\" title=\"Cambiar a Ingl\u00e9s (English)\">\n\t\t\t\t\t                                    <img\n            class=\"wpml-ls-flag\"\n            src=\"https:\/\/www.m-target.com\/wp-content\/plugins\/sitepress-multilingual-cms\/res\/flags\/en.svg\"\n            alt=\"\"\n            loading=\"lazy\"\n            width=18\n            height=12\n    \/><span class=\"wpml-ls-native\">English<\/span><span class=\"wpml-ls-display\"><span class=\"wpml-ls-bracket\"> (<\/span>Ingl\u00e9s<span class=\"wpml-ls-bracket\">)<\/span><\/span><\/a>\n\t\t\t<\/li><\/ul>\n<\/div>\n<\/div>\t\t\t\t<\/div>\n\t\t\t\t<\/div>\n\t\t\t\t<div class=\"elementor-element elementor-element-50a5871 flex-horizontal-align-default flex-horizontal-align-tablet-default flex-horizontal-align-mobile-default flex-vertical-align-default flex-vertical-align-tablet-default flex-vertical-align-mobile-default elementor-widget elementor-widget-html\" data-id=\"50a5871\" data-element_type=\"widget\" data-e-type=\"widget\" data-widget_type=\"html.default\">\n\t\t\t\t<div class=\"elementor-widget-container\">\n\t\t\t\t\t<div class=\"pipedriveWebForms\" data-pd-webforms=\"https:\/\/webforms.pipedrive.com\/f\/1tfLw7EFaPrZ69GO445XP9Lj5prQRACwipp4rsYGBEXdjZKuZytjWL11lGZfBc0pl\"><script src=\"https:\/\/webforms.pipedrive.com\/f\/loader\"><\/script><\/div>\t\t\t\t<\/div>\n\t\t\t\t<\/div>\n\t\t\t\t\t<\/div>\n\t\t<\/div>\n\t\t\t\t\t<\/div><\/div>\r\n\t\t<\/section>\r\n\t\t\t\t<\/div>\n\t\t\n\n<div class=\"kk-star-ratings kksr-auto kksr-align-right kksr-valign-bottom\"\n    data-payload='{&quot;align&quot;:&quot;right&quot;,&quot;id&quot;:&quot;41660&quot;,&quot;slug&quot;:&quot;default&quot;,&quot;valign&quot;:&quot;bottom&quot;,&quot;ignore&quot;:&quot;&quot;,&quot;reference&quot;:&quot;auto&quot;,&quot;class&quot;:&quot;&quot;,&quot;count&quot;:&quot;0&quot;,&quot;legendonly&quot;:&quot;&quot;,&quot;readonly&quot;:&quot;&quot;,&quot;score&quot;:&quot;0&quot;,&quot;starsonly&quot;:&quot;&quot;,&quot;best&quot;:&quot;0&quot;,&quot;gap&quot;:&quot;1&quot;,&quot;greet&quot;:&quot;Rate this page&quot;,&quot;legend&quot;:&quot;0\\\/0 - (0 votos)&quot;,&quot;size&quot;:&quot;1&quot;,&quot;title&quot;:&quot;Gu\u00eda de la API de WhatsApp Business&quot;,&quot;width&quot;:&quot;0&quot;,&quot;_legend&quot;:&quot;{score}\\\/{best} - ({count} {votes})&quot;,&quot;font_factor&quot;:&quot;1.25&quot;}'>\n            \n<div class=\"kksr-stars\">\n    \n<div class=\"kksr-stars-inactive\">\n    <\/div>\n    \n<div class=\"kksr-stars-active\" style=\"width: 0px;\">\n    <\/div>\n<\/div>\n                \n\n<div class=\"kksr-legend\" style=\"font-size: 0.8px;\">\n            <span class=\"kksr-muted\">Rate this page<\/span>\n    <\/div>\n    <\/div>\n","protected":false},"excerpt":{"rendered":"<p>Gu\u00eda API de WhatsApp Business \u2705 Descubre las funciones esenciales de la API de WhatsApp Business\u2705 Aprende a enviar mensajes&#8230;<\/p>\n","protected":false},"author":1,"featured_media":0,"parent":0,"menu_order":0,"comment_status":"closed","ping_status":"closed","template":"page-fullwidth.php","meta":{"footnotes":""},"class_list":["post-41660","page","type-page","status-publish"],"yoast_head":"<!-- This site is optimized with the Yoast SEO plugin v27.3 - https:\/\/yoast.com\/product\/yoast-seo-wordpress\/ -->\n<title>Gu\u00eda de la API de WhatsApp Business - M Target<\/title>\n<meta name=\"robots\" content=\"index, follow, max-snippet:-1, max-image-preview:large, max-video-preview:-1\" \/>\n<link rel=\"canonical\" href=\"https:\/\/www.m-target.com\/es\/guia-whatsapp-business-api\/\" \/>\n<meta property=\"og:locale\" content=\"es_ES\" \/>\n<meta property=\"og:type\" content=\"article\" \/>\n<meta property=\"og:title\" content=\"Gu\u00eda de la API de WhatsApp Business - M Target\" \/>\n<meta property=\"og:description\" content=\"Gu\u00eda API de WhatsApp Business \u2705 Descubre las funciones esenciales de la API de WhatsApp Business\u2705 Aprende a enviar mensajes...\" \/>\n<meta property=\"og:url\" content=\"https:\/\/www.m-target.com\/es\/guia-whatsapp-business-api\/\" \/>\n<meta property=\"og:site_name\" content=\"M Target\" \/>\n<meta property=\"article:modified_time\" content=\"2025-03-21T11:49:42+00:00\" \/>\n<meta property=\"og:image\" content=\"https:\/\/www.m-target.com\/wp-content\/uploads\/2023\/06\/Logo-MTarget-2023-typographie.png\" \/>\n\t<meta property=\"og:image:width\" content=\"2417\" \/>\n\t<meta property=\"og:image:height\" content=\"538\" \/>\n\t<meta property=\"og:image:type\" content=\"image\/png\" \/>\n<meta name=\"twitter:card\" content=\"summary_large_image\" \/>\n<script type=\"application\/ld+json\" class=\"yoast-schema-graph\">{\"@context\":\"https:\\\/\\\/schema.org\",\"@graph\":[{\"@type\":\"WebPage\",\"@id\":\"https:\\\/\\\/www.m-target.com\\\/es\\\/guia-whatsapp-business-api\\\/\",\"url\":\"https:\\\/\\\/www.m-target.com\\\/es\\\/guia-whatsapp-business-api\\\/\",\"name\":\"Gu\u00eda de la API de WhatsApp Business - M Target\",\"isPartOf\":{\"@id\":\"https:\\\/\\\/www.m-target.com\\\/es\\\/#website\"},\"primaryImageOfPage\":{\"@id\":\"https:\\\/\\\/www.m-target.com\\\/es\\\/guia-whatsapp-business-api\\\/#primaryimage\"},\"image\":{\"@id\":\"https:\\\/\\\/www.m-target.com\\\/es\\\/guia-whatsapp-business-api\\\/#primaryimage\"},\"thumbnailUrl\":\"https:\\\/\\\/www.m-target.com\\\/wp-content\\\/uploads\\\/2023\\\/06\\\/Logo-MTarget-2023-typographie-1024x228.png\",\"datePublished\":\"2025-01-30T11:05:39+00:00\",\"dateModified\":\"2025-03-21T11:49:42+00:00\",\"breadcrumb\":{\"@id\":\"https:\\\/\\\/www.m-target.com\\\/es\\\/guia-whatsapp-business-api\\\/#breadcrumb\"},\"inLanguage\":\"es\",\"potentialAction\":[{\"@type\":\"ReadAction\",\"target\":[\"https:\\\/\\\/www.m-target.com\\\/es\\\/guia-whatsapp-business-api\\\/\"]}]},{\"@type\":\"ImageObject\",\"inLanguage\":\"es\",\"@id\":\"https:\\\/\\\/www.m-target.com\\\/es\\\/guia-whatsapp-business-api\\\/#primaryimage\",\"url\":\"https:\\\/\\\/www.m-target.com\\\/wp-content\\\/uploads\\\/2023\\\/06\\\/Logo-MTarget-2023-typographie-1024x228.png\",\"contentUrl\":\"https:\\\/\\\/www.m-target.com\\\/wp-content\\\/uploads\\\/2023\\\/06\\\/Logo-MTarget-2023-typographie-1024x228.png\"},{\"@type\":\"BreadcrumbList\",\"@id\":\"https:\\\/\\\/www.m-target.com\\\/es\\\/guia-whatsapp-business-api\\\/#breadcrumb\",\"itemListElement\":[{\"@type\":\"ListItem\",\"position\":1,\"name\":\"Accueil\",\"item\":\"https:\\\/\\\/www.m-target.com\\\/es\\\/\"},{\"@type\":\"ListItem\",\"position\":2,\"name\":\"Gu\u00eda de la API de WhatsApp Business\"}]},{\"@type\":\"WebSite\",\"@id\":\"https:\\\/\\\/www.m-target.com\\\/es\\\/#website\",\"url\":\"https:\\\/\\\/www.m-target.com\\\/es\\\/\",\"name\":\"M Target\",\"description\":\"Vivez l&#039;exp\u00e9rience marketing mobile\",\"publisher\":{\"@id\":\"https:\\\/\\\/www.m-target.com\\\/es\\\/#organization\"},\"potentialAction\":[{\"@type\":\"SearchAction\",\"target\":{\"@type\":\"EntryPoint\",\"urlTemplate\":\"https:\\\/\\\/www.m-target.com\\\/es\\\/?s={search_term_string}\"},\"query-input\":{\"@type\":\"PropertyValueSpecification\",\"valueRequired\":true,\"valueName\":\"search_term_string\"}}],\"inLanguage\":\"es\"},{\"@type\":\"Organization\",\"@id\":\"https:\\\/\\\/www.m-target.com\\\/es\\\/#organization\",\"name\":\"M Target\",\"url\":\"https:\\\/\\\/www.m-target.com\\\/es\\\/\",\"logo\":{\"@type\":\"ImageObject\",\"inLanguage\":\"es\",\"@id\":\"https:\\\/\\\/www.m-target.com\\\/es\\\/#\\\/schema\\\/logo\\\/image\\\/\",\"url\":\"https:\\\/\\\/www.m-target.com\\\/wp-content\\\/uploads\\\/2023\\\/06\\\/Logo-MTarget-2023-typographie.svg\",\"contentUrl\":\"https:\\\/\\\/www.m-target.com\\\/wp-content\\\/uploads\\\/2023\\\/06\\\/Logo-MTarget-2023-typographie.svg\",\"width\":595,\"height\":149,\"caption\":\"M Target\"},\"image\":{\"@id\":\"https:\\\/\\\/www.m-target.com\\\/es\\\/#\\\/schema\\\/logo\\\/image\\\/\"},\"sameAs\":[\"https:\\\/\\\/www.linkedin.com\\\/company\\\/m-target\"]}]}<\/script>\n<!-- \/ Yoast SEO plugin. -->","yoast_head_json":{"title":"Gu\u00eda de la API de WhatsApp Business - M Target","robots":{"index":"index","follow":"follow","max-snippet":"max-snippet:-1","max-image-preview":"max-image-preview:large","max-video-preview":"max-video-preview:-1"},"canonical":"https:\/\/www.m-target.com\/es\/guia-whatsapp-business-api\/","og_locale":"es_ES","og_type":"article","og_title":"Gu\u00eda de la API de WhatsApp Business - M Target","og_description":"Gu\u00eda API de WhatsApp Business \u2705 Descubre las funciones esenciales de la API de WhatsApp Business\u2705 Aprende a enviar mensajes...","og_url":"https:\/\/www.m-target.com\/es\/guia-whatsapp-business-api\/","og_site_name":"M Target","article_modified_time":"2025-03-21T11:49:42+00:00","og_image":[{"width":2417,"height":538,"url":"https:\/\/www.m-target.com\/wp-content\/uploads\/2023\/06\/Logo-MTarget-2023-typographie.png","type":"image\/png"}],"twitter_card":"summary_large_image","schema":{"@context":"https:\/\/schema.org","@graph":[{"@type":"WebPage","@id":"https:\/\/www.m-target.com\/es\/guia-whatsapp-business-api\/","url":"https:\/\/www.m-target.com\/es\/guia-whatsapp-business-api\/","name":"Gu\u00eda de la API de WhatsApp Business - M Target","isPartOf":{"@id":"https:\/\/www.m-target.com\/es\/#website"},"primaryImageOfPage":{"@id":"https:\/\/www.m-target.com\/es\/guia-whatsapp-business-api\/#primaryimage"},"image":{"@id":"https:\/\/www.m-target.com\/es\/guia-whatsapp-business-api\/#primaryimage"},"thumbnailUrl":"https:\/\/www.m-target.com\/wp-content\/uploads\/2023\/06\/Logo-MTarget-2023-typographie-1024x228.png","datePublished":"2025-01-30T11:05:39+00:00","dateModified":"2025-03-21T11:49:42+00:00","breadcrumb":{"@id":"https:\/\/www.m-target.com\/es\/guia-whatsapp-business-api\/#breadcrumb"},"inLanguage":"es","potentialAction":[{"@type":"ReadAction","target":["https:\/\/www.m-target.com\/es\/guia-whatsapp-business-api\/"]}]},{"@type":"ImageObject","inLanguage":"es","@id":"https:\/\/www.m-target.com\/es\/guia-whatsapp-business-api\/#primaryimage","url":"https:\/\/www.m-target.com\/wp-content\/uploads\/2023\/06\/Logo-MTarget-2023-typographie-1024x228.png","contentUrl":"https:\/\/www.m-target.com\/wp-content\/uploads\/2023\/06\/Logo-MTarget-2023-typographie-1024x228.png"},{"@type":"BreadcrumbList","@id":"https:\/\/www.m-target.com\/es\/guia-whatsapp-business-api\/#breadcrumb","itemListElement":[{"@type":"ListItem","position":1,"name":"Accueil","item":"https:\/\/www.m-target.com\/es\/"},{"@type":"ListItem","position":2,"name":"Gu\u00eda de la API de WhatsApp Business"}]},{"@type":"WebSite","@id":"https:\/\/www.m-target.com\/es\/#website","url":"https:\/\/www.m-target.com\/es\/","name":"M Target","description":"Vivez l&#039;exp\u00e9rience marketing mobile","publisher":{"@id":"https:\/\/www.m-target.com\/es\/#organization"},"potentialAction":[{"@type":"SearchAction","target":{"@type":"EntryPoint","urlTemplate":"https:\/\/www.m-target.com\/es\/?s={search_term_string}"},"query-input":{"@type":"PropertyValueSpecification","valueRequired":true,"valueName":"search_term_string"}}],"inLanguage":"es"},{"@type":"Organization","@id":"https:\/\/www.m-target.com\/es\/#organization","name":"M Target","url":"https:\/\/www.m-target.com\/es\/","logo":{"@type":"ImageObject","inLanguage":"es","@id":"https:\/\/www.m-target.com\/es\/#\/schema\/logo\/image\/","url":"https:\/\/www.m-target.com\/wp-content\/uploads\/2023\/06\/Logo-MTarget-2023-typographie.svg","contentUrl":"https:\/\/www.m-target.com\/wp-content\/uploads\/2023\/06\/Logo-MTarget-2023-typographie.svg","width":595,"height":149,"caption":"M Target"},"image":{"@id":"https:\/\/www.m-target.com\/es\/#\/schema\/logo\/image\/"},"sameAs":["https:\/\/www.linkedin.com\/company\/m-target"]}]}},"_links":{"self":[{"href":"https:\/\/www.m-target.com\/es\/wp-json\/wp\/v2\/pages\/41660","targetHints":{"allow":["GET"]}}],"collection":[{"href":"https:\/\/www.m-target.com\/es\/wp-json\/wp\/v2\/pages"}],"about":[{"href":"https:\/\/www.m-target.com\/es\/wp-json\/wp\/v2\/types\/page"}],"author":[{"embeddable":true,"href":"https:\/\/www.m-target.com\/es\/wp-json\/wp\/v2\/users\/1"}],"replies":[{"embeddable":true,"href":"https:\/\/www.m-target.com\/es\/wp-json\/wp\/v2\/comments?post=41660"}],"version-history":[{"count":7,"href":"https:\/\/www.m-target.com\/es\/wp-json\/wp\/v2\/pages\/41660\/revisions"}],"predecessor-version":[{"id":42775,"href":"https:\/\/www.m-target.com\/es\/wp-json\/wp\/v2\/pages\/41660\/revisions\/42775"}],"wp:attachment":[{"href":"https:\/\/www.m-target.com\/es\/wp-json\/wp\/v2\/media?parent=41660"}],"curies":[{"name":"wp","href":"https:\/\/api.w.org\/{rel}","templated":true}]}}